{"id":533,"date":"2025-05-05T17:25:29","date_gmt":"2025-05-05T17:25:29","guid":{"rendered":"https:\/\/bladethrowers.rts-developers.com\/?post_type=product&#038;p=533"},"modified":"2025-05-19T06:50:05","modified_gmt":"2025-05-19T06:50:05","slug":"set-3-lider-balanced-throwing-knives-270mm-225g-6mm-spring-steel-kunai-nozhtop","status":"publish","type":"product","link":"https:\/\/bladethrowers.rts-developers.com\/de\/product\/set-3-lider-balanced-throwing-knives-270mm-225g-6mm-spring-steel-kunai-nozhtop\/","title":{"rendered":"Set mit 3 ausgewogenen Wurfmessern \u201eLider\u201c \u2013 270 mm (10,6 Zoll), 225 g, 6 mm, schwedischer Federstahl, Kunai-Stil von NozhTop"},"content":{"rendered":"<p>Meistern Sie die Vielseitigkeit mit dem ausgewogenen Wurfmesserset \u201eLider\u201c von NozhTop \u2013 einem erstklassigen Set aus drei handgefertigten Wurfmessern, die auf Pr\u00e4zision, Reichweite und Stil ausgelegt sind.<\/p>\n<p>F\u00fcr alle Techniken geeignet: Egal ob Reverse- oder No-Spin-Wurf, der \u201eLider\u201c passt sich jeder Distanz und Wurfmethode an und ist somit ideal f\u00fcr Anf\u00e4nger und Profis gleicherma\u00dfen.<\/p>\n<p>Nahtlose Form und Funktion: Die verl\u00e4ngerte Klinge und der integrierte Griff bieten hervorragende Kontrolle, w\u00e4hrend das Kunai-inspirierte Profil f\u00fcr Eleganz und Balance sorgt. Diese raffinierte Form erm\u00f6glicht verbesserte Freigabe und Stabilit\u00e4t im Flug.<\/p>\n<p>Schwedische Federstahlkonstruktion: Mit einer robusten Dicke von 6 mm und einer H\u00e4rte von 45\u201347 HRC sind die Lider-Messer so konstruiert, dass sie wiederholten St\u00f6\u00dfen standhalten, ohne an Elastizit\u00e4t oder Sch\u00e4rfe einzub\u00fc\u00dfen. Diese Messer sind auf Zuverl\u00e4ssigkeit geschmiedet.<\/p>\n<p>Jedes Messer wird von erfahrenen Handwerkern in der Ukraine gefertigt und bietet eine polierte Oberfl\u00e4che und einen sicheren Griff. Dieses wettkampftaugliche Set \u00fcberzeugt auch im Training. Stets auf Lager und innerhalb von 48 Stunden nach Zahlungseingang versandfertig.<\/p>\n<h4>Wesentliche Merkmale<\/h4>\n<ul>\n<li>Set mit 3 ausgewogenen Wurfmessern<\/li>\n<li>Optimiert f\u00fcr Spin-, No-Spin- und Reverse-Techniken<\/li>\n<li>Verl\u00e4ngerte Klinge mit integriertem Griff f\u00fcr \u00fcberlegene Kontrolle<\/li>\n<li>Hergestellt aus hochwertigem schwedischem Federstahl<\/li>\n<li>Handgefertigt in der Ukraine mit poliertem Finish<\/li>\n<\/ul>\n<h4>Technische Daten<\/h4>\n<table>\n<tbody>\n<tr>\n<td><strong>Menge<\/strong><\/td>\n<td>3 Messer pro Set<\/td>\n<\/tr>\n<tr>\n<td><strong>Weight (each)<\/strong><\/td>\n<td>225 g \/ 7.9 oz<\/td>\n<\/tr>\n<tr>\n<td><strong>L\u00e4nge<\/strong><\/td>\n<td>10.6 in \/ 270 mm<\/td>\n<\/tr>\n<tr>\n<td><strong>Dicke der Klinge<\/strong><\/td>\n<td>0.24 in \/ 6 mm<\/td>\n<\/tr>\n<tr>\n<td><strong>Material<\/strong><\/td>\n<td>Schwedischer Federstahl<\/td>\n<\/tr>\n<tr>\n<td><strong>H\u00e4rte<\/strong><\/td>\n<td>45\u201347 HRC<\/td>\n<\/tr>\n<tr>\n<td><strong>Stil des Werfens<\/strong><\/td>\n<td>Kein Spin, R\u00fcckw\u00e4rts, Spin, Halbspin<\/td>\n<\/tr>\n<tr>\n<td><strong>Mantel<\/strong><\/td>\n<td>Nicht enthalten (separat erh\u00e4ltlich)<\/td>\n<\/tr>\n<\/tbody>\n<\/table>","protected":false},"excerpt":{"rendered":"<p>Premium-Set mit 3 Wurfmessern \u201eLider\u201c von NozhTop \u2013 270 mm, 225 g, 6 mm schwedischer Federstahl, f\u00fcr Spin-, No-Spin- und Reverse-Techniken auf unterschiedliche Distanzen.<\/p>","protected":false},"featured_media":709,"comment_status":"open","ping_status":"closed","template":"","meta":{"inline_featured_image":false},"product_brand":[],"product_cat":[22],"product_tag":[235,234,74,239,237,231,230,233,89,238,232,236,142],"class_list":{"0":"post-533","1":"product","2":"type-product","3":"status-publish","4":"has-post-thumbnail","6":"product_cat-throwing-knife-sets","7":"product_tag-225g-knife","8":"product_tag-270mm-throwing-knife","9":"product_tag-balanced-throwing-knives","10":"product_tag-competition-throwing","11":"product_tag-handmade-throwing-knives","12":"product_tag-kunai-knife-set","13":"product_tag-lider-throwing-knife","14":"product_tag-no-spin-kunai","15":"product_tag-nozhtop-knives","16":"product_tag-professional-kunai-set","17":"product_tag-reverse-throwing-knife","18":"product_tag-swedish-steel-blade","19":"product_tag-throwing-sports","20":"pa_length-25-30-cm","21":"pa_skill-level-beginner","22":"pa_skill-level-middle","23":"pa_throwing-style-full-spin","24":"pa_throwing-style-no-spin","26":"first","27":"instock","28":"sale","29":"shipping-taxable","30":"purchasable","31":"product-type-simple"},"acf":[],"yoast_head":"<!-- This site is optimized with the Yoast SEO plugin v27.4 - https:\/\/yoast.com\/product\/yoast-seo-wordpress\/ -->\n<title>Set of 3 &quot;Lider&quot; Balanced Throwing Knives \u2013 270mm (10.6in), 225g, 6mm, Swedish Spring Steel, Kunai Style by NozhTop - Blade Throwers<\/title>\n<meta name=\"description\" content=\"Premium set of 3 throwing knives &quot;Lider&quot; by NozhTop \u2013 270mm, 225g, 6mm Swedish spring steel, for spin, no-spin, and reverse techniques at varying distances.\" \/>\n<meta name=\"robots\" content=\"index, follow, max-snippet:-1, max-image-preview:large, max-video-preview:-1\" \/>\n<link rel=\"canonical\" href=\"https:\/\/bladethrowers.rts-developers.com\/de\/product\/set-3-lider-balanced-throwing-knives-270mm-225g-6mm-spring-steel-kunai-nozhtop\/\" \/>\n<meta property=\"og:locale\" content=\"de_DE\" \/>\n<meta property=\"og:type\" content=\"article\" \/>\n<meta property=\"og:title\" content=\"Set of 3 &quot;Lider&quot; Balanced Throwing Knives \u2013 270mm (10.6in), 225g, 6mm, Swedish Spring Steel, Kunai Style by NozhTop - Blade Throwers\" \/>\n<meta property=\"og:description\" content=\"Premium set of 3 throwing knives &quot;Lider&quot; by NozhTop \u2013 270mm, 225g, 6mm Swedish spring steel, for spin, no-spin, and reverse techniques at varying distances.\" \/>\n<meta property=\"og:url\" content=\"https:\/\/bladethrowers.rts-developers.com\/de\/product\/set-3-lider-balanced-throwing-knives-270mm-225g-6mm-spring-steel-kunai-nozhtop\/\" \/>\n<meta property=\"og:site_name\" content=\"Blade Throwers\" \/>\n<meta property=\"article:modified_time\" content=\"2025-05-19T06:50:05+00:00\" \/>\n<meta property=\"og:image\" content=\"https:\/\/bladethrowers.rts-developers.com\/wp-content\/uploads\/2025\/05\/15003-1-1024x1024.png\" \/>\n\t<meta property=\"og:image:width\" content=\"1024\" \/>\n\t<meta property=\"og:image:height\" content=\"1024\" \/>\n\t<meta property=\"og:image:type\" content=\"image\/png\" \/>\n<meta name=\"twitter:card\" content=\"summary_large_image\" \/>\n<meta name=\"twitter:label1\" content=\"Gesch\u00e4tzte Lesezeit\" \/>\n\t<meta name=\"twitter:data1\" content=\"2\u00a0Minuten\" \/>\n<script type=\"application\/ld+json\" class=\"yoast-schema-graph\">{\"@context\":\"https:\\\/\\\/schema.org\",\"@graph\":[{\"@type\":\"WebPage\",\"@id\":\"https:\\\/\\\/bladethrowers.rts-developers.com\\\/product\\\/set-3-lider-balanced-throwing-knives-270mm-225g-6mm-spring-steel-kunai-nozhtop\\\/\",\"url\":\"https:\\\/\\\/bladethrowers.rts-developers.com\\\/product\\\/set-3-lider-balanced-throwing-knives-270mm-225g-6mm-spring-steel-kunai-nozhtop\\\/\",\"name\":\"Set of 3 \\\"Lider\\\" Balanced Throwing Knives \u2013 270mm (10.6in), 225g, 6mm, Swedish Spring Steel, Kunai Style by NozhTop - Blade Throwers\",\"isPartOf\":{\"@id\":\"https:\\\/\\\/bladethrowers.rts-developers.com\\\/#website\"},\"primaryImageOfPage\":{\"@id\":\"https:\\\/\\\/bladethrowers.rts-developers.com\\\/product\\\/set-3-lider-balanced-throwing-knives-270mm-225g-6mm-spring-steel-kunai-nozhtop\\\/#primaryimage\"},\"image\":{\"@id\":\"https:\\\/\\\/bladethrowers.rts-developers.com\\\/product\\\/set-3-lider-balanced-throwing-knives-270mm-225g-6mm-spring-steel-kunai-nozhtop\\\/#primaryimage\"},\"thumbnailUrl\":\"https:\\\/\\\/bladethrowers.rts-developers.com\\\/wp-content\\\/uploads\\\/2025\\\/05\\\/15003-1.png\",\"datePublished\":\"2025-05-05T17:25:29+00:00\",\"dateModified\":\"2025-05-19T06:50:05+00:00\",\"description\":\"Premium set of 3 throwing knives \\\"Lider\\\" by NozhTop \u2013 270mm, 225g, 6mm Swedish spring steel, for spin, no-spin, and reverse techniques at varying distances.\",\"breadcrumb\":{\"@id\":\"https:\\\/\\\/bladethrowers.rts-developers.com\\\/product\\\/set-3-lider-balanced-throwing-knives-270mm-225g-6mm-spring-steel-kunai-nozhtop\\\/#breadcrumb\"},\"inLanguage\":\"de\",\"potentialAction\":[{\"@type\":\"ReadAction\",\"target\":[\"https:\\\/\\\/bladethrowers.rts-developers.com\\\/product\\\/set-3-lider-balanced-throwing-knives-270mm-225g-6mm-spring-steel-kunai-nozhtop\\\/\"]}]},{\"@type\":\"ImageObject\",\"inLanguage\":\"de\",\"@id\":\"https:\\\/\\\/bladethrowers.rts-developers.com\\\/product\\\/set-3-lider-balanced-throwing-knives-270mm-225g-6mm-spring-steel-kunai-nozhtop\\\/#primaryimage\",\"url\":\"https:\\\/\\\/bladethrowers.rts-developers.com\\\/wp-content\\\/uploads\\\/2025\\\/05\\\/15003-1.png\",\"contentUrl\":\"https:\\\/\\\/bladethrowers.rts-developers.com\\\/wp-content\\\/uploads\\\/2025\\\/05\\\/15003-1.png\",\"width\":1500,\"height\":1500},{\"@type\":\"BreadcrumbList\",\"@id\":\"https:\\\/\\\/bladethrowers.rts-developers.com\\\/product\\\/set-3-lider-balanced-throwing-knives-270mm-225g-6mm-spring-steel-kunai-nozhtop\\\/#breadcrumb\",\"itemListElement\":[{\"@type\":\"ListItem\",\"position\":1,\"name\":\"\u0413\u043e\u043b\u043e\u0432\u043d\u0430\",\"item\":\"https:\\\/\\\/bladethrowers.rts-developers.com\\\/\"},{\"@type\":\"ListItem\",\"position\":2,\"name\":\"Shop\",\"item\":\"https:\\\/\\\/bladethrowers.rts-developers.com\\\/shop\\\/\"},{\"@type\":\"ListItem\",\"position\":3,\"name\":\"Set of 3 &#8220;Lider&#8221; Balanced Throwing Knives \u2013 270mm (10.6in), 225g, 6mm, Swedish Spring Steel, Kunai Style by NozhTop\"}]},{\"@type\":\"WebSite\",\"@id\":\"https:\\\/\\\/bladethrowers.rts-developers.com\\\/#website\",\"url\":\"https:\\\/\\\/bladethrowers.rts-developers.com\\\/\",\"name\":\"Blade Throwers\",\"description\":\"Throwing Knives and Axes Shop\",\"publisher\":{\"@id\":\"https:\\\/\\\/bladethrowers.rts-developers.com\\\/#organization\"},\"potentialAction\":[{\"@type\":\"SearchAction\",\"target\":{\"@type\":\"EntryPoint\",\"urlTemplate\":\"https:\\\/\\\/bladethrowers.rts-developers.com\\\/?s={search_term_string}\"},\"query-input\":{\"@type\":\"PropertyValueSpecification\",\"valueRequired\":true,\"valueName\":\"search_term_string\"}}],\"inLanguage\":\"de\"},{\"@type\":\"Organization\",\"@id\":\"https:\\\/\\\/bladethrowers.rts-developers.com\\\/#organization\",\"name\":\"Blade Throwers\",\"url\":\"https:\\\/\\\/bladethrowers.rts-developers.com\\\/\",\"logo\":{\"@type\":\"ImageObject\",\"inLanguage\":\"de\",\"@id\":\"https:\\\/\\\/bladethrowers.rts-developers.com\\\/#\\\/schema\\\/logo\\\/image\\\/\",\"url\":\"https:\\\/\\\/bladethrowers.rts-developers.com\\\/wp-content\\\/uploads\\\/2025\\\/05\\\/photo_2025-05-02_15-29-47-1-1-Photoroom.png\",\"contentUrl\":\"https:\\\/\\\/bladethrowers.rts-developers.com\\\/wp-content\\\/uploads\\\/2025\\\/05\\\/photo_2025-05-02_15-29-47-1-1-Photoroom.png\",\"width\":1280,\"height\":790,\"caption\":\"Blade Throwers\"},\"image\":{\"@id\":\"https:\\\/\\\/bladethrowers.rts-developers.com\\\/#\\\/schema\\\/logo\\\/image\\\/\"}}]}<\/script>\n<!-- \/ Yoast SEO plugin. -->","yoast_head_json":{"title":"Set of 3 \"Lider\" Balanced Throwing Knives \u2013 270mm (10.6in), 225g, 6mm, Swedish Spring Steel, Kunai Style by NozhTop - Blade Throwers","description":"Premium set of 3 throwing knives \"Lider\" by NozhTop \u2013 270mm, 225g, 6mm Swedish spring steel, for spin, no-spin, and reverse techniques at varying distances.","robots":{"index":"index","follow":"follow","max-snippet":"max-snippet:-1","max-image-preview":"max-image-preview:large","max-video-preview":"max-video-preview:-1"},"canonical":"https:\/\/bladethrowers.rts-developers.com\/de\/product\/set-3-lider-balanced-throwing-knives-270mm-225g-6mm-spring-steel-kunai-nozhtop\/","og_locale":"de_DE","og_type":"article","og_title":"Set of 3 \"Lider\" Balanced Throwing Knives \u2013 270mm (10.6in), 225g, 6mm, Swedish Spring Steel, Kunai Style by NozhTop - Blade Throwers","og_description":"Premium set of 3 throwing knives \"Lider\" by NozhTop \u2013 270mm, 225g, 6mm Swedish spring steel, for spin, no-spin, and reverse techniques at varying distances.","og_url":"https:\/\/bladethrowers.rts-developers.com\/de\/product\/set-3-lider-balanced-throwing-knives-270mm-225g-6mm-spring-steel-kunai-nozhtop\/","og_site_name":"Blade Throwers","article_modified_time":"2025-05-19T06:50:05+00:00","og_image":[{"width":1024,"height":1024,"url":"https:\/\/bladethrowers.rts-developers.com\/wp-content\/uploads\/2025\/05\/15003-1-1024x1024.png","type":"image\/png"}],"twitter_card":"summary_large_image","twitter_misc":{"Gesch\u00e4tzte Lesezeit":"2\u00a0Minuten"},"schema":{"@context":"https:\/\/schema.org","@graph":[{"@type":"WebPage","@id":"https:\/\/bladethrowers.rts-developers.com\/product\/set-3-lider-balanced-throwing-knives-270mm-225g-6mm-spring-steel-kunai-nozhtop\/","url":"https:\/\/bladethrowers.rts-developers.com\/product\/set-3-lider-balanced-throwing-knives-270mm-225g-6mm-spring-steel-kunai-nozhtop\/","name":"Set of 3 \"Lider\" Balanced Throwing Knives \u2013 270mm (10.6in), 225g, 6mm, Swedish Spring Steel, Kunai Style by NozhTop - Blade Throwers","isPartOf":{"@id":"https:\/\/bladethrowers.rts-developers.com\/#website"},"primaryImageOfPage":{"@id":"https:\/\/bladethrowers.rts-developers.com\/product\/set-3-lider-balanced-throwing-knives-270mm-225g-6mm-spring-steel-kunai-nozhtop\/#primaryimage"},"image":{"@id":"https:\/\/bladethrowers.rts-developers.com\/product\/set-3-lider-balanced-throwing-knives-270mm-225g-6mm-spring-steel-kunai-nozhtop\/#primaryimage"},"thumbnailUrl":"https:\/\/bladethrowers.rts-developers.com\/wp-content\/uploads\/2025\/05\/15003-1.png","datePublished":"2025-05-05T17:25:29+00:00","dateModified":"2025-05-19T06:50:05+00:00","description":"Premium set of 3 throwing knives \"Lider\" by NozhTop \u2013 270mm, 225g, 6mm Swedish spring steel, for spin, no-spin, and reverse techniques at varying distances.","breadcrumb":{"@id":"https:\/\/bladethrowers.rts-developers.com\/product\/set-3-lider-balanced-throwing-knives-270mm-225g-6mm-spring-steel-kunai-nozhtop\/#breadcrumb"},"inLanguage":"de","potentialAction":[{"@type":"ReadAction","target":["https:\/\/bladethrowers.rts-developers.com\/product\/set-3-lider-balanced-throwing-knives-270mm-225g-6mm-spring-steel-kunai-nozhtop\/"]}]},{"@type":"ImageObject","inLanguage":"de","@id":"https:\/\/bladethrowers.rts-developers.com\/product\/set-3-lider-balanced-throwing-knives-270mm-225g-6mm-spring-steel-kunai-nozhtop\/#primaryimage","url":"https:\/\/bladethrowers.rts-developers.com\/wp-content\/uploads\/2025\/05\/15003-1.png","contentUrl":"https:\/\/bladethrowers.rts-developers.com\/wp-content\/uploads\/2025\/05\/15003-1.png","width":1500,"height":1500},{"@type":"BreadcrumbList","@id":"https:\/\/bladethrowers.rts-developers.com\/product\/set-3-lider-balanced-throwing-knives-270mm-225g-6mm-spring-steel-kunai-nozhtop\/#breadcrumb","itemListElement":[{"@type":"ListItem","position":1,"name":"\u0413\u043e\u043b\u043e\u0432\u043d\u0430","item":"https:\/\/bladethrowers.rts-developers.com\/"},{"@type":"ListItem","position":2,"name":"Shop","item":"https:\/\/bladethrowers.rts-developers.com\/shop\/"},{"@type":"ListItem","position":3,"name":"Set of 3 &#8220;Lider&#8221; Balanced Throwing Knives \u2013 270mm (10.6in), 225g, 6mm, Swedish Spring Steel, Kunai Style by NozhTop"}]},{"@type":"WebSite","@id":"https:\/\/bladethrowers.rts-developers.com\/#website","url":"https:\/\/bladethrowers.rts-developers.com\/","name":"Blade Throwers","description":"Throwing Knives and Axes Shop","publisher":{"@id":"https:\/\/bladethrowers.rts-developers.com\/#organization"},"potentialAction":[{"@type":"SearchAction","target":{"@type":"EntryPoint","urlTemplate":"https:\/\/bladethrowers.rts-developers.com\/?s={search_term_string}"},"query-input":{"@type":"PropertyValueSpecification","valueRequired":true,"valueName":"search_term_string"}}],"inLanguage":"de"},{"@type":"Organization","@id":"https:\/\/bladethrowers.rts-developers.com\/#organization","name":"Blade Throwers","url":"https:\/\/bladethrowers.rts-developers.com\/","logo":{"@type":"ImageObject","inLanguage":"de","@id":"https:\/\/bladethrowers.rts-developers.com\/#\/schema\/logo\/image\/","url":"https:\/\/bladethrowers.rts-developers.com\/wp-content\/uploads\/2025\/05\/photo_2025-05-02_15-29-47-1-1-Photoroom.png","contentUrl":"https:\/\/bladethrowers.rts-developers.com\/wp-content\/uploads\/2025\/05\/photo_2025-05-02_15-29-47-1-1-Photoroom.png","width":1280,"height":790,"caption":"Blade Throwers"},"image":{"@id":"https:\/\/bladethrowers.rts-developers.com\/#\/schema\/logo\/image\/"}}]}},"_links":{"self":[{"href":"https:\/\/bladethrowers.rts-developers.com\/de\/wp-json\/wp\/v2\/product\/533","targetHints":{"allow":["GET"]}}],"collection":[{"href":"https:\/\/bladethrowers.rts-developers.com\/de\/wp-json\/wp\/v2\/product"}],"about":[{"href":"https:\/\/bladethrowers.rts-developers.com\/de\/wp-json\/wp\/v2\/types\/product"}],"replies":[{"embeddable":true,"href":"https:\/\/bladethrowers.rts-developers.com\/de\/wp-json\/wp\/v2\/comments?post=533"}],"wp:featuredmedia":[{"embeddable":true,"href":"https:\/\/bladethrowers.rts-developers.com\/de\/wp-json\/wp\/v2\/media\/709"}],"wp:attachment":[{"href":"https:\/\/bladethrowers.rts-developers.com\/de\/wp-json\/wp\/v2\/media?parent=533"}],"wp:term":[{"taxonomy":"product_brand","embeddable":true,"href":"https:\/\/bladethrowers.rts-developers.com\/de\/wp-json\/wp\/v2\/product_brand?post=533"},{"taxonomy":"product_cat","embeddable":true,"href":"https:\/\/bladethrowers.rts-developers.com\/de\/wp-json\/wp\/v2\/product_cat?post=533"},{"taxonomy":"product_tag","embeddable":true,"href":"https:\/\/bladethrowers.rts-developers.com\/de\/wp-json\/wp\/v2\/product_tag?post=533"}],"curies":[{"name":"wp","href":"https:\/\/api.w.org\/{rel}","templated":true}]}}