{"id":543,"date":"2025-05-05T17:25:29","date_gmt":"2025-05-05T17:25:29","guid":{"rendered":"https:\/\/bladethrowers.rts-developers.com\/?post_type=product&#038;p=543"},"modified":"2025-05-19T07:15:13","modified_gmt":"2025-05-19T07:15:13","slug":"hornet-l-set-throwing-knives-engraved-carbon-steel-12in-270g","status":"publish","type":"product","link":"https:\/\/bladethrowers.rts-developers.com\/de\/product\/hornet-l-set-throwing-knives-engraved-carbon-steel-12in-270g\/","title":{"rendered":"Hornet L Wurfmesser-Set, gravierter Kohlenstoffstahl, 12 Zoll (300 mm), 270 g, poliert \u2013 3er-Set NozhTop"},"content":{"rendered":"<p>Das NozhTop Hornet L Wurfmesserset ist ein fachm\u00e4nnisch gefertigtes Messerset, das speziell f\u00fcr das No-Spin-Werfen entwickelt wurde. Mit einer Gesamtl\u00e4nge von 30 cm (12 Zoll) und einem Gewicht von jeweils 270 g bieten diese Messer hervorragende Kontrolle und Kraft und sind somit ideal f\u00fcr Anf\u00e4nger und erfahrene Werfer gleicherma\u00dfen.<\/p>\n<p>Die kraftvolle Spitze des Messers durchdringt das Ziel mit minimalem Kraftaufwand. Dank des 6 mm dicken Griffst\u00fccks l\u00e4sst sich die Klinge beim Werfen aus jeder Distanz leicht kontrollieren und bietet au\u00dfergew\u00f6hnliche Pr\u00e4zision und Stabilit\u00e4t.<\/p>\n<p>Jedes Messer im Set ist mit einer Farbgravur versehen, die Langlebigkeit und ein optisch ansprechendes Design gew\u00e4hrleistet. Die Gravur ist deutlich widerstandsf\u00e4higer als Aufkleber oder Farbe. Die Spiegelseite der Klinge ist freigelassen und erm\u00f6glicht so individuelle Gravuren oder Kunstwerke.<\/p>\n<p>Die Hornet-Messer aus poliertem Kohlenstoffstahl sind f\u00fcr wiederholten Gebrauch konzipiert und bieten optimale Leistung. Ob Training oder Wettkampf \u2013 diese Messer verbessern Ihre Wurff\u00e4higkeiten.<\/p>\n<h4>Wesentliche Merkmale<\/h4>\n<ul>\n<li>Leistungsstarke Spitze f\u00fcr tiefes Eindringen ins Ziel mit minimalem Kraftaufwand<\/li>\n<li>Dicker 6-mm-Schaft f\u00fcr verbesserte Kontrolle beim Werfen<\/li>\n<li>Gewicht von 270 g f\u00fcr hervorragende Balance und Stabilit\u00e4t<\/li>\n<li>Farbgravurtechnologie f\u00fcr ein langlebiges und beeindruckendes Design<\/li>\n<li>Leere Spiegelseite zur pers\u00f6nlichen Gestaltung<\/li>\n<li>Ideal f\u00fcr die Wurftechnik ohne Drehung<\/li>\n<\/ul>\n<h4>Technische Daten<\/h4>\n<table>\n<tbody>\n<tr>\n<td><strong>Gewicht<\/strong><\/td>\n<td>270 g \/ 9.52 oz<\/td>\n<\/tr>\n<tr>\n<td><strong>Gesamtl\u00e4nge<\/strong><\/td>\n<td>12 in \/ 300 mm<\/td>\n<\/tr>\n<tr>\n<td><strong>Dicke der Klinge<\/strong><\/td>\n<td>0.24 in \/ 6 mm<\/td>\n<\/tr>\n<tr>\n<td><strong>Material<\/strong><\/td>\n<td>Kohlenstoffstahl (poliert)<\/td>\n<\/tr>\n<tr>\n<td><strong>Stil des Werfens<\/strong><\/td>\n<td>Kein Spin<\/td>\n<\/tr>\n<\/tbody>\n<\/table>","protected":false},"excerpt":{"rendered":"<p>Das Wurfmesserset \u201eHornet L\u201c verf\u00fcgt \u00fcber gravierte Klingen aus Kohlenstoffstahl f\u00fcr drehfreies Werfen. 12 Zoll (300 mm), 270 g, ideal f\u00fcr Anf\u00e4nger, mit tiefer Zieldurchdringung und hervorragender Kontrolle.<\/p>","protected":false},"featured_media":663,"comment_status":"open","ping_status":"closed","template":"","meta":{"inline_featured_image":false},"product_brand":[],"product_cat":[22],"product_tag":[178,173,179,172,174,70,176,73,175,177,69,66,180],"class_list":{"0":"post-543","1":"product","2":"type-product","3":"status-publish","4":"has-post-thumbnail","6":"product_cat-throwing-knife-sets","7":"product_tag-beginner-throwing-knives","8":"product_tag-carbon-steel-knives","9":"product_tag-custom-engraving","10":"product_tag-engraved-knives","11":"product_tag-hornet-knives","12":"product_tag-no-spin-knives","13":"product_tag-polished-carbon-steel","14":"product_tag-precision-throwing","15":"product_tag-set-of-throwing-knives","16":"product_tag-target-throwing-knives","17":"product_tag-throwing-knife-set","18":"product_tag-throwing-knives","19":"product_tag-throwing-technique","20":"pa_length-25-30-cm","21":"pa_length-over-30-cm","22":"pa_skill-level-middle","23":"pa_skill-level-pro","24":"pa_throwing-style-multi-style","25":"pa_throwing-style-no-spin","27":"first","28":"instock","29":"sale","30":"shipping-taxable","31":"purchasable","32":"product-type-simple"},"acf":[],"yoast_head":"<!-- This site is optimized with the Yoast SEO plugin v27.4 - https:\/\/yoast.com\/product\/yoast-seo-wordpress\/ -->\n<title>Hornet L Set of Throwing Knives, Engraved Carbon Steel, 12in (300mm), 270g, Polished \u2013 Set of 3 Knives NozhTop - Blade Throwers<\/title>\n<meta name=\"description\" content=\"The &quot;Hornet L&quot; Set of Throwing Knives features engraved carbon steel blades for no-spin throwing. 12in (300mm), 270g, ideal for beginners.\" \/>\n<meta name=\"robots\" content=\"index, follow, max-snippet:-1, max-image-preview:large, max-video-preview:-1\" \/>\n<link rel=\"canonical\" href=\"https:\/\/bladethrowers.rts-developers.com\/de\/product\/hornet-l-set-throwing-knives-engraved-carbon-steel-12in-270g\/\" \/>\n<meta property=\"og:locale\" content=\"de_DE\" \/>\n<meta property=\"og:type\" content=\"article\" \/>\n<meta property=\"og:title\" content=\"Hornet L Set of Throwing Knives, Engraved Carbon Steel, 12in (300mm), 270g, Polished \u2013 Set of 3 Knives NozhTop - Blade Throwers\" \/>\n<meta property=\"og:description\" content=\"The &quot;Hornet L&quot; Set of Throwing Knives features engraved carbon steel blades for no-spin throwing. 12in (300mm), 270g, ideal for beginners.\" \/>\n<meta property=\"og:url\" content=\"https:\/\/bladethrowers.rts-developers.com\/de\/product\/hornet-l-set-throwing-knives-engraved-carbon-steel-12in-270g\/\" \/>\n<meta property=\"og:site_name\" content=\"Blade Throwers\" \/>\n<meta property=\"article:modified_time\" content=\"2025-05-19T07:15:13+00:00\" \/>\n<meta property=\"og:image\" content=\"https:\/\/bladethrowers.rts-developers.com\/wp-content\/uploads\/2025\/05\/hornet-engr.png\" \/>\n\t<meta property=\"og:image:width\" content=\"1000\" \/>\n\t<meta property=\"og:image:height\" content=\"1000\" \/>\n\t<meta property=\"og:image:type\" content=\"image\/png\" \/>\n<meta name=\"twitter:card\" content=\"summary_large_image\" \/>\n<meta name=\"twitter:label1\" content=\"Gesch\u00e4tzte Lesezeit\" \/>\n\t<meta name=\"twitter:data1\" content=\"2\u00a0Minuten\" \/>\n<script type=\"application\/ld+json\" class=\"yoast-schema-graph\">{\"@context\":\"https:\\\/\\\/schema.org\",\"@graph\":[{\"@type\":\"WebPage\",\"@id\":\"https:\\\/\\\/bladethrowers.rts-developers.com\\\/product\\\/hornet-l-set-throwing-knives-engraved-carbon-steel-12in-270g\\\/\",\"url\":\"https:\\\/\\\/bladethrowers.rts-developers.com\\\/product\\\/hornet-l-set-throwing-knives-engraved-carbon-steel-12in-270g\\\/\",\"name\":\"Hornet L Set of Throwing Knives, Engraved Carbon Steel, 12in (300mm), 270g, Polished \u2013 Set of 3 Knives NozhTop - Blade Throwers\",\"isPartOf\":{\"@id\":\"https:\\\/\\\/bladethrowers.rts-developers.com\\\/#website\"},\"primaryImageOfPage\":{\"@id\":\"https:\\\/\\\/bladethrowers.rts-developers.com\\\/product\\\/hornet-l-set-throwing-knives-engraved-carbon-steel-12in-270g\\\/#primaryimage\"},\"image\":{\"@id\":\"https:\\\/\\\/bladethrowers.rts-developers.com\\\/product\\\/hornet-l-set-throwing-knives-engraved-carbon-steel-12in-270g\\\/#primaryimage\"},\"thumbnailUrl\":\"https:\\\/\\\/bladethrowers.rts-developers.com\\\/wp-content\\\/uploads\\\/2025\\\/05\\\/hornet-engr.png\",\"datePublished\":\"2025-05-05T17:25:29+00:00\",\"dateModified\":\"2025-05-19T07:15:13+00:00\",\"description\":\"The \\\"Hornet L\\\" Set of Throwing Knives features engraved carbon steel blades for no-spin throwing. 12in (300mm), 270g, ideal for beginners.\",\"breadcrumb\":{\"@id\":\"https:\\\/\\\/bladethrowers.rts-developers.com\\\/product\\\/hornet-l-set-throwing-knives-engraved-carbon-steel-12in-270g\\\/#breadcrumb\"},\"inLanguage\":\"de\",\"potentialAction\":[{\"@type\":\"ReadAction\",\"target\":[\"https:\\\/\\\/bladethrowers.rts-developers.com\\\/product\\\/hornet-l-set-throwing-knives-engraved-carbon-steel-12in-270g\\\/\"]}]},{\"@type\":\"ImageObject\",\"inLanguage\":\"de\",\"@id\":\"https:\\\/\\\/bladethrowers.rts-developers.com\\\/product\\\/hornet-l-set-throwing-knives-engraved-carbon-steel-12in-270g\\\/#primaryimage\",\"url\":\"https:\\\/\\\/bladethrowers.rts-developers.com\\\/wp-content\\\/uploads\\\/2025\\\/05\\\/hornet-engr.png\",\"contentUrl\":\"https:\\\/\\\/bladethrowers.rts-developers.com\\\/wp-content\\\/uploads\\\/2025\\\/05\\\/hornet-engr.png\",\"width\":1000,\"height\":1000},{\"@type\":\"BreadcrumbList\",\"@id\":\"https:\\\/\\\/bladethrowers.rts-developers.com\\\/product\\\/hornet-l-set-throwing-knives-engraved-carbon-steel-12in-270g\\\/#breadcrumb\",\"itemListElement\":[{\"@type\":\"ListItem\",\"position\":1,\"name\":\"\u0413\u043e\u043b\u043e\u0432\u043d\u0430\",\"item\":\"https:\\\/\\\/bladethrowers.rts-developers.com\\\/\"},{\"@type\":\"ListItem\",\"position\":2,\"name\":\"Shop\",\"item\":\"https:\\\/\\\/bladethrowers.rts-developers.com\\\/shop\\\/\"},{\"@type\":\"ListItem\",\"position\":3,\"name\":\"Hornet L Set of Throwing Knives, Engraved Carbon Steel, 12in (300mm), 270g, Polished \u2013 Set of 3 Knives NozhTop\"}]},{\"@type\":\"WebSite\",\"@id\":\"https:\\\/\\\/bladethrowers.rts-developers.com\\\/#website\",\"url\":\"https:\\\/\\\/bladethrowers.rts-developers.com\\\/\",\"name\":\"Blade Throwers\",\"description\":\"Throwing Knives and Axes Shop\",\"publisher\":{\"@id\":\"https:\\\/\\\/bladethrowers.rts-developers.com\\\/#organization\"},\"potentialAction\":[{\"@type\":\"SearchAction\",\"target\":{\"@type\":\"EntryPoint\",\"urlTemplate\":\"https:\\\/\\\/bladethrowers.rts-developers.com\\\/?s={search_term_string}\"},\"query-input\":{\"@type\":\"PropertyValueSpecification\",\"valueRequired\":true,\"valueName\":\"search_term_string\"}}],\"inLanguage\":\"de\"},{\"@type\":\"Organization\",\"@id\":\"https:\\\/\\\/bladethrowers.rts-developers.com\\\/#organization\",\"name\":\"Blade Throwers\",\"url\":\"https:\\\/\\\/bladethrowers.rts-developers.com\\\/\",\"logo\":{\"@type\":\"ImageObject\",\"inLanguage\":\"de\",\"@id\":\"https:\\\/\\\/bladethrowers.rts-developers.com\\\/#\\\/schema\\\/logo\\\/image\\\/\",\"url\":\"https:\\\/\\\/bladethrowers.rts-developers.com\\\/wp-content\\\/uploads\\\/2025\\\/05\\\/photo_2025-05-02_15-29-47-1-1-Photoroom.png\",\"contentUrl\":\"https:\\\/\\\/bladethrowers.rts-developers.com\\\/wp-content\\\/uploads\\\/2025\\\/05\\\/photo_2025-05-02_15-29-47-1-1-Photoroom.png\",\"width\":1280,\"height\":790,\"caption\":\"Blade Throwers\"},\"image\":{\"@id\":\"https:\\\/\\\/bladethrowers.rts-developers.com\\\/#\\\/schema\\\/logo\\\/image\\\/\"}}]}<\/script>\n<!-- \/ Yoast SEO plugin. -->","yoast_head_json":{"title":"Hornet L Set of Throwing Knives, Engraved Carbon Steel, 12in (300mm), 270g, Polished \u2013 Set of 3 Knives NozhTop - Blade Throwers","description":"The \"Hornet L\" Set of Throwing Knives features engraved carbon steel blades for no-spin throwing. 12in (300mm), 270g, ideal for beginners.","robots":{"index":"index","follow":"follow","max-snippet":"max-snippet:-1","max-image-preview":"max-image-preview:large","max-video-preview":"max-video-preview:-1"},"canonical":"https:\/\/bladethrowers.rts-developers.com\/de\/product\/hornet-l-set-throwing-knives-engraved-carbon-steel-12in-270g\/","og_locale":"de_DE","og_type":"article","og_title":"Hornet L Set of Throwing Knives, Engraved Carbon Steel, 12in (300mm), 270g, Polished \u2013 Set of 3 Knives NozhTop - Blade Throwers","og_description":"The \"Hornet L\" Set of Throwing Knives features engraved carbon steel blades for no-spin throwing. 12in (300mm), 270g, ideal for beginners.","og_url":"https:\/\/bladethrowers.rts-developers.com\/de\/product\/hornet-l-set-throwing-knives-engraved-carbon-steel-12in-270g\/","og_site_name":"Blade Throwers","article_modified_time":"2025-05-19T07:15:13+00:00","og_image":[{"width":1000,"height":1000,"url":"https:\/\/bladethrowers.rts-developers.com\/wp-content\/uploads\/2025\/05\/hornet-engr.png","type":"image\/png"}],"twitter_card":"summary_large_image","twitter_misc":{"Gesch\u00e4tzte Lesezeit":"2\u00a0Minuten"},"schema":{"@context":"https:\/\/schema.org","@graph":[{"@type":"WebPage","@id":"https:\/\/bladethrowers.rts-developers.com\/product\/hornet-l-set-throwing-knives-engraved-carbon-steel-12in-270g\/","url":"https:\/\/bladethrowers.rts-developers.com\/product\/hornet-l-set-throwing-knives-engraved-carbon-steel-12in-270g\/","name":"Hornet L Set of Throwing Knives, Engraved Carbon Steel, 12in (300mm), 270g, Polished \u2013 Set of 3 Knives NozhTop - Blade Throwers","isPartOf":{"@id":"https:\/\/bladethrowers.rts-developers.com\/#website"},"primaryImageOfPage":{"@id":"https:\/\/bladethrowers.rts-developers.com\/product\/hornet-l-set-throwing-knives-engraved-carbon-steel-12in-270g\/#primaryimage"},"image":{"@id":"https:\/\/bladethrowers.rts-developers.com\/product\/hornet-l-set-throwing-knives-engraved-carbon-steel-12in-270g\/#primaryimage"},"thumbnailUrl":"https:\/\/bladethrowers.rts-developers.com\/wp-content\/uploads\/2025\/05\/hornet-engr.png","datePublished":"2025-05-05T17:25:29+00:00","dateModified":"2025-05-19T07:15:13+00:00","description":"The \"Hornet L\" Set of Throwing Knives features engraved carbon steel blades for no-spin throwing. 12in (300mm), 270g, ideal for beginners.","breadcrumb":{"@id":"https:\/\/bladethrowers.rts-developers.com\/product\/hornet-l-set-throwing-knives-engraved-carbon-steel-12in-270g\/#breadcrumb"},"inLanguage":"de","potentialAction":[{"@type":"ReadAction","target":["https:\/\/bladethrowers.rts-developers.com\/product\/hornet-l-set-throwing-knives-engraved-carbon-steel-12in-270g\/"]}]},{"@type":"ImageObject","inLanguage":"de","@id":"https:\/\/bladethrowers.rts-developers.com\/product\/hornet-l-set-throwing-knives-engraved-carbon-steel-12in-270g\/#primaryimage","url":"https:\/\/bladethrowers.rts-developers.com\/wp-content\/uploads\/2025\/05\/hornet-engr.png","contentUrl":"https:\/\/bladethrowers.rts-developers.com\/wp-content\/uploads\/2025\/05\/hornet-engr.png","width":1000,"height":1000},{"@type":"BreadcrumbList","@id":"https:\/\/bladethrowers.rts-developers.com\/product\/hornet-l-set-throwing-knives-engraved-carbon-steel-12in-270g\/#breadcrumb","itemListElement":[{"@type":"ListItem","position":1,"name":"\u0413\u043e\u043b\u043e\u0432\u043d\u0430","item":"https:\/\/bladethrowers.rts-developers.com\/"},{"@type":"ListItem","position":2,"name":"Shop","item":"https:\/\/bladethrowers.rts-developers.com\/shop\/"},{"@type":"ListItem","position":3,"name":"Hornet L Set of Throwing Knives, Engraved Carbon Steel, 12in (300mm), 270g, Polished \u2013 Set of 3 Knives NozhTop"}]},{"@type":"WebSite","@id":"https:\/\/bladethrowers.rts-developers.com\/#website","url":"https:\/\/bladethrowers.rts-developers.com\/","name":"Blade Throwers","description":"Throwing Knives and Axes Shop","publisher":{"@id":"https:\/\/bladethrowers.rts-developers.com\/#organization"},"potentialAction":[{"@type":"SearchAction","target":{"@type":"EntryPoint","urlTemplate":"https:\/\/bladethrowers.rts-developers.com\/?s={search_term_string}"},"query-input":{"@type":"PropertyValueSpecification","valueRequired":true,"valueName":"search_term_string"}}],"inLanguage":"de"},{"@type":"Organization","@id":"https:\/\/bladethrowers.rts-developers.com\/#organization","name":"Blade Throwers","url":"https:\/\/bladethrowers.rts-developers.com\/","logo":{"@type":"ImageObject","inLanguage":"de","@id":"https:\/\/bladethrowers.rts-developers.com\/#\/schema\/logo\/image\/","url":"https:\/\/bladethrowers.rts-developers.com\/wp-content\/uploads\/2025\/05\/photo_2025-05-02_15-29-47-1-1-Photoroom.png","contentUrl":"https:\/\/bladethrowers.rts-developers.com\/wp-content\/uploads\/2025\/05\/photo_2025-05-02_15-29-47-1-1-Photoroom.png","width":1280,"height":790,"caption":"Blade Throwers"},"image":{"@id":"https:\/\/bladethrowers.rts-developers.com\/#\/schema\/logo\/image\/"}}]}},"_links":{"self":[{"href":"https:\/\/bladethrowers.rts-developers.com\/de\/wp-json\/wp\/v2\/product\/543","targetHints":{"allow":["GET"]}}],"collection":[{"href":"https:\/\/bladethrowers.rts-developers.com\/de\/wp-json\/wp\/v2\/product"}],"about":[{"href":"https:\/\/bladethrowers.rts-developers.com\/de\/wp-json\/wp\/v2\/types\/product"}],"replies":[{"embeddable":true,"href":"https:\/\/bladethrowers.rts-developers.com\/de\/wp-json\/wp\/v2\/comments?post=543"}],"wp:featuredmedia":[{"embeddable":true,"href":"https:\/\/bladethrowers.rts-developers.com\/de\/wp-json\/wp\/v2\/media\/663"}],"wp:attachment":[{"href":"https:\/\/bladethrowers.rts-developers.com\/de\/wp-json\/wp\/v2\/media?parent=543"}],"wp:term":[{"taxonomy":"product_brand","embeddable":true,"href":"https:\/\/bladethrowers.rts-developers.com\/de\/wp-json\/wp\/v2\/product_brand?post=543"},{"taxonomy":"product_cat","embeddable":true,"href":"https:\/\/bladethrowers.rts-developers.com\/de\/wp-json\/wp\/v2\/product_cat?post=543"},{"taxonomy":"product_tag","embeddable":true,"href":"https:\/\/bladethrowers.rts-developers.com\/de\/wp-json\/wp\/v2\/product_tag?post=543"}],"curies":[{"name":"wp","href":"https:\/\/api.w.org\/{rel}","templated":true}]}}