{"id":546,"date":"2025-05-05T17:25:29","date_gmt":"2025-05-05T17:25:29","guid":{"rendered":"https:\/\/bladethrowers.rts-developers.com\/?post_type=product&#038;p=546"},"modified":"2025-05-19T07:06:12","modified_gmt":"2025-05-19T07:06:12","slug":"set-3-combat-m-throwing-knives-250mm-polished-carbon-steel-nozhtop","status":"publish","type":"product","link":"https:\/\/bladethrowers.rts-developers.com\/de\/product\/set-3-combat-m-throwing-knives-250mm-polished-carbon-steel-nozhtop\/","title":{"rendered":"3er-Set Combat M Wurfmesser \u2013 250 mm, polierter Kohlenstoffstahl, No-Spin von NozhTop"},"content":{"rendered":"<p>Dieses Set aus 3 Combat M No-Spin-Wurfmessern von NozhTop bietet alles, was Sie brauchen, um mit dem Training in der Kunst des Messerwerfens zu beginnen oder es fortzusetzen.<\/p>\n<p>Jedes Messer ist handgeschmiedet aus poliertem Kohlenstofffederstahl, mit einem ausgewogenen 250-mm-Profil und einem Gewicht von 250 g. Optimiert f\u00fcr No-Spin- und SKANF-Techniken bieten diese Messer konstante Leistung und eine angenehme Lernkurve.<\/p>\n<p>Dieses Trio eignet sich perfekt f\u00fcr Anf\u00e4nger und Fortgeschrittene und erm\u00f6glicht Ihnen mehr \u00dcbungszeit mit weniger Unterbrechungen. Robust und vielseitig einsetzbar, eignen sie sich auch f\u00fcr Halb- und Spin-Werfe.<\/p>\n<p>Immer auf Lager. Versand innerhalb von 48 Stunden nach Zahlungsbest\u00e4tigung.<\/p>\n<h4>Wesentliche Merkmale<\/h4>\n<ul>\n<li>Enth\u00e4lt 3 Combat M-Messer<\/li>\n<li>Ausgewogen f\u00fcr No-Spin- und SKANF-W\u00fcrfe<\/li>\n<li>Perfekt f\u00fcr Anf\u00e4nger und Training<\/li>\n<li>Aus poliertem Carbon-Federstahl<\/li>\n<li>Handgefertigt und w\u00e4rmebehandelt<\/li>\n<\/ul>\n<h4>Technische Daten<\/h4>\n<table>\n<tbody>\n<tr>\n<td><strong>Menge<\/strong><\/td>\n<td>3 Messer<\/td>\n<\/tr>\n<tr>\n<td><strong>Weight (each)<\/strong><\/td>\n<td>250 g \/ 8.82 oz<\/td>\n<\/tr>\n<tr>\n<td><strong>Total Weight<\/strong><\/td>\n<td>750 g \/ 26.46 oz<\/td>\n<\/tr>\n<tr>\n<td><strong>L\u00e4nge<\/strong><\/td>\n<td>9.8 in \/ 250 mm (each)<\/td>\n<\/tr>\n<tr>\n<td><strong>Dicke<\/strong><\/td>\n<td>0.24 in \/ 6 mm<\/td>\n<\/tr>\n<tr>\n<td><strong>Material<\/strong><\/td>\n<td>Polierter Kohlenstofffederstahl<\/td>\n<\/tr>\n<tr>\n<td><strong>Stil des Werfens<\/strong><\/td>\n<td>No-Spin, SKANF, Spin, Multi-Turn<\/td>\n<\/tr>\n<tr>\n<td><strong>Mantel<\/strong><\/td>\n<td>Nicht enthalten<\/td>\n<\/tr>\n<\/tbody>\n<\/table>","protected":false},"excerpt":{"rendered":"<p>3er Set Combat M No-Spin-Wurfmesser von NozhTop. Handgefertigt, je 250 mm, polierter Kohlenstoffstahl, ideal f\u00fcr Anf\u00e4nger und die SKANF-Technik.<\/p>","protected":false},"featured_media":684,"comment_status":"open","ping_status":"closed","template":"","meta":{"inline_featured_image":false},"product_brand":[],"product_cat":[22],"product_tag":[332,178,173,331,336,334,296,295,337,330,69,333,335],"class_list":{"0":"post-546","1":"product","2":"type-product","3":"status-publish","4":"has-post-thumbnail","6":"product_cat-throwing-knife-sets","7":"product_tag-3pc-knife-set","8":"product_tag-beginner-throwing-knives","9":"product_tag-carbon-steel-knives","10":"product_tag-combat-m-knives","11":"product_tag-handmade-knife-set","12":"product_tag-knife-throwing-set","13":"product_tag-no-spin-knife-set","14":"product_tag-nozhtop-knife-set","15":"product_tag-polished-steel-knives","16":"product_tag-skanf-knife-set","17":"product_tag-throwing-knife-set","18":"product_tag-throwing-sport-gear","19":"product_tag-throwing-training-kit","20":"pa_length-20-25-cm","21":"pa_length-25-30-cm","22":"pa_skill-level-beginner","23":"pa_skill-level-middle","24":"pa_throwing-style-multi-style","26":"first","27":"instock","28":"sale","29":"shipping-taxable","30":"purchasable","31":"product-type-simple"},"acf":[],"yoast_head":"<!-- This site is optimized with the Yoast SEO plugin v27.4 - https:\/\/yoast.com\/product\/yoast-seo-wordpress\/ -->\n<title>Set of 3 Combat M Throwing Knives \u2013 250mm, Polished Carbon Steel, No-Spin by NozhTop - Blade Throwers<\/title>\n<meta name=\"description\" content=\"Set of 3 Combat M no-spin throwing knives by NozhTop. Handmade, 250mm each, polished carbon steel, ideal for beginners and SKANF technique.\" \/>\n<meta name=\"robots\" content=\"index, follow, max-snippet:-1, max-image-preview:large, max-video-preview:-1\" \/>\n<link rel=\"canonical\" href=\"https:\/\/bladethrowers.rts-developers.com\/de\/product\/set-3-combat-m-throwing-knives-250mm-polished-carbon-steel-nozhtop\/\" \/>\n<meta property=\"og:locale\" content=\"de_DE\" \/>\n<meta property=\"og:type\" content=\"article\" \/>\n<meta property=\"og:title\" content=\"Set of 3 Combat M Throwing Knives \u2013 250mm, Polished Carbon Steel, No-Spin by NozhTop - Blade Throwers\" \/>\n<meta property=\"og:description\" content=\"Set of 3 Combat M no-spin throwing knives by NozhTop. Handmade, 250mm each, polished carbon steel, ideal for beginners and SKANF technique.\" \/>\n<meta property=\"og:url\" content=\"https:\/\/bladethrowers.rts-developers.com\/de\/product\/set-3-combat-m-throwing-knives-250mm-polished-carbon-steel-nozhtop\/\" \/>\n<meta property=\"og:site_name\" content=\"Blade Throwers\" \/>\n<meta property=\"article:modified_time\" content=\"2025-05-19T07:06:12+00:00\" \/>\n<meta property=\"og:image\" content=\"https:\/\/bladethrowers.rts-developers.com\/wp-content\/uploads\/2025\/05\/15003-4.png\" \/>\n\t<meta property=\"og:image:width\" content=\"1500\" \/>\n\t<meta property=\"og:image:height\" content=\"1500\" \/>\n\t<meta property=\"og:image:type\" content=\"image\/png\" \/>\n<meta name=\"twitter:card\" content=\"summary_large_image\" \/>\n<meta name=\"twitter:label1\" content=\"Gesch\u00e4tzte Lesezeit\" \/>\n\t<meta name=\"twitter:data1\" content=\"1\u00a0Minute\" \/>\n<script type=\"application\/ld+json\" class=\"yoast-schema-graph\">{\"@context\":\"https:\\\/\\\/schema.org\",\"@graph\":[{\"@type\":\"WebPage\",\"@id\":\"https:\\\/\\\/bladethrowers.rts-developers.com\\\/product\\\/set-3-combat-m-throwing-knives-250mm-polished-carbon-steel-nozhtop\\\/\",\"url\":\"https:\\\/\\\/bladethrowers.rts-developers.com\\\/product\\\/set-3-combat-m-throwing-knives-250mm-polished-carbon-steel-nozhtop\\\/\",\"name\":\"Set of 3 Combat M Throwing Knives \u2013 250mm, Polished Carbon Steel, No-Spin by NozhTop - Blade Throwers\",\"isPartOf\":{\"@id\":\"https:\\\/\\\/bladethrowers.rts-developers.com\\\/#website\"},\"primaryImageOfPage\":{\"@id\":\"https:\\\/\\\/bladethrowers.rts-developers.com\\\/product\\\/set-3-combat-m-throwing-knives-250mm-polished-carbon-steel-nozhtop\\\/#primaryimage\"},\"image\":{\"@id\":\"https:\\\/\\\/bladethrowers.rts-developers.com\\\/product\\\/set-3-combat-m-throwing-knives-250mm-polished-carbon-steel-nozhtop\\\/#primaryimage\"},\"thumbnailUrl\":\"https:\\\/\\\/bladethrowers.rts-developers.com\\\/wp-content\\\/uploads\\\/2025\\\/05\\\/15003-4.png\",\"datePublished\":\"2025-05-05T17:25:29+00:00\",\"dateModified\":\"2025-05-19T07:06:12+00:00\",\"description\":\"Set of 3 Combat M no-spin throwing knives by NozhTop. Handmade, 250mm each, polished carbon steel, ideal for beginners and SKANF technique.\",\"breadcrumb\":{\"@id\":\"https:\\\/\\\/bladethrowers.rts-developers.com\\\/product\\\/set-3-combat-m-throwing-knives-250mm-polished-carbon-steel-nozhtop\\\/#breadcrumb\"},\"inLanguage\":\"de\",\"potentialAction\":[{\"@type\":\"ReadAction\",\"target\":[\"https:\\\/\\\/bladethrowers.rts-developers.com\\\/product\\\/set-3-combat-m-throwing-knives-250mm-polished-carbon-steel-nozhtop\\\/\"]}]},{\"@type\":\"ImageObject\",\"inLanguage\":\"de\",\"@id\":\"https:\\\/\\\/bladethrowers.rts-developers.com\\\/product\\\/set-3-combat-m-throwing-knives-250mm-polished-carbon-steel-nozhtop\\\/#primaryimage\",\"url\":\"https:\\\/\\\/bladethrowers.rts-developers.com\\\/wp-content\\\/uploads\\\/2025\\\/05\\\/15003-4.png\",\"contentUrl\":\"https:\\\/\\\/bladethrowers.rts-developers.com\\\/wp-content\\\/uploads\\\/2025\\\/05\\\/15003-4.png\",\"width\":1500,\"height\":1500},{\"@type\":\"BreadcrumbList\",\"@id\":\"https:\\\/\\\/bladethrowers.rts-developers.com\\\/product\\\/set-3-combat-m-throwing-knives-250mm-polished-carbon-steel-nozhtop\\\/#breadcrumb\",\"itemListElement\":[{\"@type\":\"ListItem\",\"position\":1,\"name\":\"\u0413\u043e\u043b\u043e\u0432\u043d\u0430\",\"item\":\"https:\\\/\\\/bladethrowers.rts-developers.com\\\/\"},{\"@type\":\"ListItem\",\"position\":2,\"name\":\"Shop\",\"item\":\"https:\\\/\\\/bladethrowers.rts-developers.com\\\/shop\\\/\"},{\"@type\":\"ListItem\",\"position\":3,\"name\":\"Set of 3 Combat M Throwing Knives \u2013 250mm, Polished Carbon Steel, No-Spin by NozhTop\"}]},{\"@type\":\"WebSite\",\"@id\":\"https:\\\/\\\/bladethrowers.rts-developers.com\\\/#website\",\"url\":\"https:\\\/\\\/bladethrowers.rts-developers.com\\\/\",\"name\":\"Blade Throwers\",\"description\":\"Throwing Knives and Axes Shop\",\"publisher\":{\"@id\":\"https:\\\/\\\/bladethrowers.rts-developers.com\\\/#organization\"},\"potentialAction\":[{\"@type\":\"SearchAction\",\"target\":{\"@type\":\"EntryPoint\",\"urlTemplate\":\"https:\\\/\\\/bladethrowers.rts-developers.com\\\/?s={search_term_string}\"},\"query-input\":{\"@type\":\"PropertyValueSpecification\",\"valueRequired\":true,\"valueName\":\"search_term_string\"}}],\"inLanguage\":\"de\"},{\"@type\":\"Organization\",\"@id\":\"https:\\\/\\\/bladethrowers.rts-developers.com\\\/#organization\",\"name\":\"Blade Throwers\",\"url\":\"https:\\\/\\\/bladethrowers.rts-developers.com\\\/\",\"logo\":{\"@type\":\"ImageObject\",\"inLanguage\":\"de\",\"@id\":\"https:\\\/\\\/bladethrowers.rts-developers.com\\\/#\\\/schema\\\/logo\\\/image\\\/\",\"url\":\"https:\\\/\\\/bladethrowers.rts-developers.com\\\/wp-content\\\/uploads\\\/2025\\\/05\\\/photo_2025-05-02_15-29-47-1-1-Photoroom.png\",\"contentUrl\":\"https:\\\/\\\/bladethrowers.rts-developers.com\\\/wp-content\\\/uploads\\\/2025\\\/05\\\/photo_2025-05-02_15-29-47-1-1-Photoroom.png\",\"width\":1280,\"height\":790,\"caption\":\"Blade Throwers\"},\"image\":{\"@id\":\"https:\\\/\\\/bladethrowers.rts-developers.com\\\/#\\\/schema\\\/logo\\\/image\\\/\"}}]}<\/script>\n<!-- \/ Yoast SEO plugin. -->","yoast_head_json":{"title":"Set of 3 Combat M Throwing Knives \u2013 250mm, Polished Carbon Steel, No-Spin by NozhTop - Blade Throwers","description":"3er Set Combat M No-Spin-Wurfmesser von NozhTop. Handgefertigt, je 250 mm, polierter Kohlenstoffstahl, ideal f\u00fcr Anf\u00e4nger und die SKANF-Technik.","robots":{"index":"index","follow":"follow","max-snippet":"max-snippet:-1","max-image-preview":"max-image-preview:large","max-video-preview":"max-video-preview:-1"},"canonical":"https:\/\/bladethrowers.rts-developers.com\/de\/product\/set-3-combat-m-throwing-knives-250mm-polished-carbon-steel-nozhtop\/","og_locale":"de_DE","og_type":"article","og_title":"Set of 3 Combat M Throwing Knives \u2013 250mm, Polished Carbon Steel, No-Spin by NozhTop - Blade Throwers","og_description":"Set of 3 Combat M no-spin throwing knives by NozhTop. Handmade, 250mm each, polished carbon steel, ideal for beginners and SKANF technique.","og_url":"https:\/\/bladethrowers.rts-developers.com\/de\/product\/set-3-combat-m-throwing-knives-250mm-polished-carbon-steel-nozhtop\/","og_site_name":"Blade Throwers","article_modified_time":"2025-05-19T07:06:12+00:00","og_image":[{"width":1500,"height":1500,"url":"https:\/\/bladethrowers.rts-developers.com\/wp-content\/uploads\/2025\/05\/15003-4.png","type":"image\/png"}],"twitter_card":"summary_large_image","twitter_misc":{"Gesch\u00e4tzte Lesezeit":"1\u00a0Minute"},"schema":{"@context":"https:\/\/schema.org","@graph":[{"@type":"WebPage","@id":"https:\/\/bladethrowers.rts-developers.com\/product\/set-3-combat-m-throwing-knives-250mm-polished-carbon-steel-nozhtop\/","url":"https:\/\/bladethrowers.rts-developers.com\/product\/set-3-combat-m-throwing-knives-250mm-polished-carbon-steel-nozhtop\/","name":"Set of 3 Combat M Throwing Knives \u2013 250mm, Polished Carbon Steel, No-Spin by NozhTop - Blade Throwers","isPartOf":{"@id":"https:\/\/bladethrowers.rts-developers.com\/#website"},"primaryImageOfPage":{"@id":"https:\/\/bladethrowers.rts-developers.com\/product\/set-3-combat-m-throwing-knives-250mm-polished-carbon-steel-nozhtop\/#primaryimage"},"image":{"@id":"https:\/\/bladethrowers.rts-developers.com\/product\/set-3-combat-m-throwing-knives-250mm-polished-carbon-steel-nozhtop\/#primaryimage"},"thumbnailUrl":"https:\/\/bladethrowers.rts-developers.com\/wp-content\/uploads\/2025\/05\/15003-4.png","datePublished":"2025-05-05T17:25:29+00:00","dateModified":"2025-05-19T07:06:12+00:00","description":"3er Set Combat M No-Spin-Wurfmesser von NozhTop. Handgefertigt, je 250 mm, polierter Kohlenstoffstahl, ideal f\u00fcr Anf\u00e4nger und die SKANF-Technik.","breadcrumb":{"@id":"https:\/\/bladethrowers.rts-developers.com\/product\/set-3-combat-m-throwing-knives-250mm-polished-carbon-steel-nozhtop\/#breadcrumb"},"inLanguage":"de","potentialAction":[{"@type":"ReadAction","target":["https:\/\/bladethrowers.rts-developers.com\/product\/set-3-combat-m-throwing-knives-250mm-polished-carbon-steel-nozhtop\/"]}]},{"@type":"ImageObject","inLanguage":"de","@id":"https:\/\/bladethrowers.rts-developers.com\/product\/set-3-combat-m-throwing-knives-250mm-polished-carbon-steel-nozhtop\/#primaryimage","url":"https:\/\/bladethrowers.rts-developers.com\/wp-content\/uploads\/2025\/05\/15003-4.png","contentUrl":"https:\/\/bladethrowers.rts-developers.com\/wp-content\/uploads\/2025\/05\/15003-4.png","width":1500,"height":1500},{"@type":"BreadcrumbList","@id":"https:\/\/bladethrowers.rts-developers.com\/product\/set-3-combat-m-throwing-knives-250mm-polished-carbon-steel-nozhtop\/#breadcrumb","itemListElement":[{"@type":"ListItem","position":1,"name":"\u0413\u043e\u043b\u043e\u0432\u043d\u0430","item":"https:\/\/bladethrowers.rts-developers.com\/"},{"@type":"ListItem","position":2,"name":"Shop","item":"https:\/\/bladethrowers.rts-developers.com\/shop\/"},{"@type":"ListItem","position":3,"name":"Set of 3 Combat M Throwing Knives \u2013 250mm, Polished Carbon Steel, No-Spin by NozhTop"}]},{"@type":"WebSite","@id":"https:\/\/bladethrowers.rts-developers.com\/#website","url":"https:\/\/bladethrowers.rts-developers.com\/","name":"Blade Throwers","description":"Throwing Knives and Axes Shop","publisher":{"@id":"https:\/\/bladethrowers.rts-developers.com\/#organization"},"potentialAction":[{"@type":"SearchAction","target":{"@type":"EntryPoint","urlTemplate":"https:\/\/bladethrowers.rts-developers.com\/?s={search_term_string}"},"query-input":{"@type":"PropertyValueSpecification","valueRequired":true,"valueName":"search_term_string"}}],"inLanguage":"de"},{"@type":"Organization","@id":"https:\/\/bladethrowers.rts-developers.com\/#organization","name":"Blade Throwers","url":"https:\/\/bladethrowers.rts-developers.com\/","logo":{"@type":"ImageObject","inLanguage":"de","@id":"https:\/\/bladethrowers.rts-developers.com\/#\/schema\/logo\/image\/","url":"https:\/\/bladethrowers.rts-developers.com\/wp-content\/uploads\/2025\/05\/photo_2025-05-02_15-29-47-1-1-Photoroom.png","contentUrl":"https:\/\/bladethrowers.rts-developers.com\/wp-content\/uploads\/2025\/05\/photo_2025-05-02_15-29-47-1-1-Photoroom.png","width":1280,"height":790,"caption":"Blade Throwers"},"image":{"@id":"https:\/\/bladethrowers.rts-developers.com\/#\/schema\/logo\/image\/"}}]}},"_links":{"self":[{"href":"https:\/\/bladethrowers.rts-developers.com\/de\/wp-json\/wp\/v2\/product\/546","targetHints":{"allow":["GET"]}}],"collection":[{"href":"https:\/\/bladethrowers.rts-developers.com\/de\/wp-json\/wp\/v2\/product"}],"about":[{"href":"https:\/\/bladethrowers.rts-developers.com\/de\/wp-json\/wp\/v2\/types\/product"}],"replies":[{"embeddable":true,"href":"https:\/\/bladethrowers.rts-developers.com\/de\/wp-json\/wp\/v2\/comments?post=546"}],"wp:featuredmedia":[{"embeddable":true,"href":"https:\/\/bladethrowers.rts-developers.com\/de\/wp-json\/wp\/v2\/media\/684"}],"wp:attachment":[{"href":"https:\/\/bladethrowers.rts-developers.com\/de\/wp-json\/wp\/v2\/media?parent=546"}],"wp:term":[{"taxonomy":"product_brand","embeddable":true,"href":"https:\/\/bladethrowers.rts-developers.com\/de\/wp-json\/wp\/v2\/product_brand?post=546"},{"taxonomy":"product_cat","embeddable":true,"href":"https:\/\/bladethrowers.rts-developers.com\/de\/wp-json\/wp\/v2\/product_cat?post=546"},{"taxonomy":"product_tag","embeddable":true,"href":"https:\/\/bladethrowers.rts-developers.com\/de\/wp-json\/wp\/v2\/product_tag?post=546"}],"curies":[{"name":"wp","href":"https:\/\/api.w.org\/{rel}","templated":true}]}}