{"id":885,"date":"2025-05-11T16:24:17","date_gmt":"2025-05-11T16:24:17","guid":{"rendered":"https:\/\/bladethrowers.rts-developers.com\/?post_type=product&#038;p=885"},"modified":"2025-05-19T05:52:19","modified_gmt":"2025-05-19T05:52:19","slug":"set-of-3-hornet-no-spin-throwing-knives-250mm-245g-8mm","status":"publish","type":"product","link":"https:\/\/bladethrowers.rts-developers.com\/de\/product\/set-of-3-hornet-no-spin-throwing-knives-250mm-245g-8mm\/","title":{"rendered":"3er-Set Hornet No-Spin Wurfmesser \u2013 250 mm, 245 g, 8 mm Kohlenstoffstahl von NozhTop"},"content":{"rendered":"<p>3er-Set Hornet No-Spin-Wurfmesser von NozhTop \u2013 Pr\u00e4zision, Balance und St\u00e4rke in einem leistungsstarken Trio f\u00fcr ernsthafte Werfer.<\/p>\n<p>Jedes Hornet-Messer in diesem Set ist aus 8 mm dickem Federstahl geschmiedet, wiegt 245 g (8,6 oz) und ist 250 mm (9,8 Zoll) lang. Dieses Set wurde speziell f\u00fcr No-Spin-Techniken entwickelt und eignet sich ideal f\u00fcr das Solo-Training, Wettk\u00e4mpfe oder das Training mit Freunden.<\/p>\n<p>Professionelles Gef\u00fchl: Mit zus\u00e4tzlichem Gewicht und einer kr\u00e4ftigen Spitze bieten diese Messer sowohl Anf\u00e4ngern als auch Profis eine tiefe Zieldurchdringung und hervorragende Kontrolle.<\/p>\n<p>Langlebig: Die robusten Hornet-Messer verbiegen und verziehen sich selbst bei intensiver t\u00e4glicher Nutzung nicht. Das Stonewash-Finish verleiht ihnen ein glattes, mattes Aussehen, das Verschlei\u00df widersteht.<\/p>\n<p>Immer auf Lager. Versand innerhalb von 48 Stunden nach Zahlungsbest\u00e4tigung.<\/p>\n<h4>Wesentliche Merkmale<\/h4>\n<ul>\n<li>Set mit 3 handgefertigten Wurfmessern ohne Drehung<\/li>\n<li>8 mm dicker R\u00fccken f\u00fcr Stabilit\u00e4t und Sicherheit<\/li>\n<li>Perfekt f\u00fcr Training, Sport und Wettkampf<\/li>\n<li>Poliertes Stonewash-Finish<\/li>\n<li>Ausgewogen und schwer f\u00fcr gleichm\u00e4\u00dfige W\u00fcrfe<\/li>\n<\/ul>\n<h4>Technische Daten (pro Messer)<\/h4>\n<table>\n<tbody>\n<tr>\n<td><strong>Gewicht<\/strong><\/td>\n<td>245 g \/ 8.6 oz<\/td>\n<\/tr>\n<tr>\n<td><strong>Gesamtl\u00e4nge<\/strong><\/td>\n<td>9.8 in \/ 250 mm<\/td>\n<\/tr>\n<tr>\n<td><strong>Dicke der Klinge<\/strong><\/td>\n<td>0.31 in \/ 8 mm<\/td>\n<\/tr>\n<tr>\n<td><strong>Material<\/strong><\/td>\n<td>Feder aus Kohlenstoffstahl<\/td>\n<\/tr>\n<tr>\n<td><strong>Oberfl\u00e4che<\/strong><\/td>\n<td>Steinwaschen<\/td>\n<\/tr>\n<tr>\n<td><strong>Stil des Werfens<\/strong><\/td>\n<td>Kein Spin<\/td>\n<\/tr>\n<tr>\n<td><strong>Mantel<\/strong><\/td>\n<td>Nicht enthalten<\/td>\n<\/tr>\n<\/tbody>\n<\/table>","protected":false},"excerpt":{"rendered":"<p>Hornet Wurfmesser von NozhTop \u2013 250 mm, 245 g, 8 mm dicker Kohlenstoffstahl. Pr\u00e4zision ohne Drehbewegungen mit kraftvoller Spitze und Stonewash-Finish. Handgefertigt f\u00fcr Konsistenz und Kontrolle.<\/p>","protected":false},"featured_media":556,"comment_status":"open","ping_status":"closed","template":"","meta":{"inline_featured_image":false},"product_brand":[],"product_cat":[22],"product_tag":[303,253,28,158,216,306,218,119,302,29,94,162,30,305,159,304],"class_list":{"0":"post-885","1":"product","2":"type-product","3":"status-publish","4":"has-post-thumbnail","6":"product_cat-throwing-knife-sets","7":"product_tag-245g-knife","8":"product_tag-250mm-blade","9":"product_tag-8mm-spring-steel","10":"product_tag-8mm-throwing-knife","11":"product_tag-carbon-steel-knife","12":"product_tag-durable-knife","13":"product_tag-handmade-knife","14":"product_tag-heavy-throwing-knife","15":"product_tag-hornet-throwing-knife","16":"product_tag-no-spin","17":"product_tag-no-spin-knife","18":"product_tag-nozhtop-knife","19":"product_tag-skanf","20":"product_tag-sports-throwing-knife","21":"product_tag-stonewash-knife","22":"product_tag-throwing-training-knife","23":"pa_length-25-30-cm","24":"pa_skill-level-pro","25":"pa_throwing-style-full-spin","26":"pa_throwing-style-no-spin","28":"first","29":"instock","30":"sale","31":"shipping-taxable","32":"purchasable","33":"product-type-simple"},"acf":[],"yoast_head":"<!-- This site is optimized with the Yoast SEO plugin v27.4 - https:\/\/yoast.com\/product\/yoast-seo-wordpress\/ -->\n<title>Set of 3 Hornet No-Spin Throwing Knives \u2013 250mm, 245g, 8mm Carbon Steel by NozhTop - Blade Throwers<\/title>\n<meta name=\"description\" content=\"Set of 3 Hornet throwing knives by NozhTop \u2013 heavy-duty 8mm carbon steel for powerful no-spin throwing. 250mm length, 245g each.\" \/>\n<meta name=\"robots\" content=\"index, follow, max-snippet:-1, max-image-preview:large, max-video-preview:-1\" \/>\n<link rel=\"canonical\" href=\"https:\/\/bladethrowers.rts-developers.com\/de\/product\/set-of-3-hornet-no-spin-throwing-knives-250mm-245g-8mm\/\" \/>\n<meta property=\"og:locale\" content=\"de_DE\" \/>\n<meta property=\"og:type\" content=\"article\" \/>\n<meta property=\"og:title\" content=\"Set of 3 Hornet No-Spin Throwing Knives \u2013 250mm, 245g, 8mm Carbon Steel by NozhTop - Blade Throwers\" \/>\n<meta property=\"og:description\" content=\"Set of 3 Hornet throwing knives by NozhTop \u2013 heavy-duty 8mm carbon steel for powerful no-spin throwing. 250mm length, 245g each.\" \/>\n<meta property=\"og:url\" content=\"https:\/\/bladethrowers.rts-developers.com\/de\/product\/set-of-3-hornet-no-spin-throwing-knives-250mm-245g-8mm\/\" \/>\n<meta property=\"og:site_name\" content=\"Blade Throwers\" \/>\n<meta property=\"article:modified_time\" content=\"2025-05-19T05:52:19+00:00\" \/>\n<meta property=\"og:image\" content=\"https:\/\/bladethrowers.rts-developers.com\/wp-content\/uploads\/2025\/05\/1500x1500-1.png\" \/>\n\t<meta property=\"og:image:width\" content=\"1500\" \/>\n\t<meta property=\"og:image:height\" content=\"1500\" \/>\n\t<meta property=\"og:image:type\" content=\"image\/png\" \/>\n<meta name=\"twitter:card\" content=\"summary_large_image\" \/>\n<meta name=\"twitter:label1\" content=\"Gesch\u00e4tzte Lesezeit\" \/>\n\t<meta name=\"twitter:data1\" content=\"2\u00a0Minuten\" \/>\n<script type=\"application\/ld+json\" class=\"yoast-schema-graph\">{\"@context\":\"https:\\\/\\\/schema.org\",\"@graph\":[{\"@type\":\"WebPage\",\"@id\":\"https:\\\/\\\/bladethrowers.rts-developers.com\\\/product\\\/set-of-3-hornet-no-spin-throwing-knives-250mm-245g-8mm\\\/\",\"url\":\"https:\\\/\\\/bladethrowers.rts-developers.com\\\/product\\\/set-of-3-hornet-no-spin-throwing-knives-250mm-245g-8mm\\\/\",\"name\":\"Set of 3 Hornet No-Spin Throwing Knives \u2013 250mm, 245g, 8mm Carbon Steel by NozhTop - Blade Throwers\",\"isPartOf\":{\"@id\":\"https:\\\/\\\/bladethrowers.rts-developers.com\\\/#website\"},\"primaryImageOfPage\":{\"@id\":\"https:\\\/\\\/bladethrowers.rts-developers.com\\\/product\\\/set-of-3-hornet-no-spin-throwing-knives-250mm-245g-8mm\\\/#primaryimage\"},\"image\":{\"@id\":\"https:\\\/\\\/bladethrowers.rts-developers.com\\\/product\\\/set-of-3-hornet-no-spin-throwing-knives-250mm-245g-8mm\\\/#primaryimage\"},\"thumbnailUrl\":\"https:\\\/\\\/bladethrowers.rts-developers.com\\\/wp-content\\\/uploads\\\/2025\\\/05\\\/1500x1500-1.png\",\"datePublished\":\"2025-05-11T16:24:17+00:00\",\"dateModified\":\"2025-05-19T05:52:19+00:00\",\"description\":\"Set of 3 Hornet throwing knives by NozhTop \u2013 heavy-duty 8mm carbon steel for powerful no-spin throwing. 250mm length, 245g each.\",\"breadcrumb\":{\"@id\":\"https:\\\/\\\/bladethrowers.rts-developers.com\\\/product\\\/set-of-3-hornet-no-spin-throwing-knives-250mm-245g-8mm\\\/#breadcrumb\"},\"inLanguage\":\"de\",\"potentialAction\":[{\"@type\":\"ReadAction\",\"target\":[\"https:\\\/\\\/bladethrowers.rts-developers.com\\\/product\\\/set-of-3-hornet-no-spin-throwing-knives-250mm-245g-8mm\\\/\"]}]},{\"@type\":\"ImageObject\",\"inLanguage\":\"de\",\"@id\":\"https:\\\/\\\/bladethrowers.rts-developers.com\\\/product\\\/set-of-3-hornet-no-spin-throwing-knives-250mm-245g-8mm\\\/#primaryimage\",\"url\":\"https:\\\/\\\/bladethrowers.rts-developers.com\\\/wp-content\\\/uploads\\\/2025\\\/05\\\/1500x1500-1.png\",\"contentUrl\":\"https:\\\/\\\/bladethrowers.rts-developers.com\\\/wp-content\\\/uploads\\\/2025\\\/05\\\/1500x1500-1.png\",\"width\":1500,\"height\":1500},{\"@type\":\"BreadcrumbList\",\"@id\":\"https:\\\/\\\/bladethrowers.rts-developers.com\\\/product\\\/set-of-3-hornet-no-spin-throwing-knives-250mm-245g-8mm\\\/#breadcrumb\",\"itemListElement\":[{\"@type\":\"ListItem\",\"position\":1,\"name\":\"\u0413\u043e\u043b\u043e\u0432\u043d\u0430\",\"item\":\"https:\\\/\\\/bladethrowers.rts-developers.com\\\/\"},{\"@type\":\"ListItem\",\"position\":2,\"name\":\"Shop\",\"item\":\"https:\\\/\\\/bladethrowers.rts-developers.com\\\/shop\\\/\"},{\"@type\":\"ListItem\",\"position\":3,\"name\":\"Set of 3 Hornet No-Spin Throwing Knives \u2013 250mm, 245g, 8mm Carbon Steel by NozhTop\"}]},{\"@type\":\"WebSite\",\"@id\":\"https:\\\/\\\/bladethrowers.rts-developers.com\\\/#website\",\"url\":\"https:\\\/\\\/bladethrowers.rts-developers.com\\\/\",\"name\":\"Blade Throwers\",\"description\":\"Throwing Knives and Axes Shop\",\"publisher\":{\"@id\":\"https:\\\/\\\/bladethrowers.rts-developers.com\\\/#organization\"},\"potentialAction\":[{\"@type\":\"SearchAction\",\"target\":{\"@type\":\"EntryPoint\",\"urlTemplate\":\"https:\\\/\\\/bladethrowers.rts-developers.com\\\/?s={search_term_string}\"},\"query-input\":{\"@type\":\"PropertyValueSpecification\",\"valueRequired\":true,\"valueName\":\"search_term_string\"}}],\"inLanguage\":\"de\"},{\"@type\":\"Organization\",\"@id\":\"https:\\\/\\\/bladethrowers.rts-developers.com\\\/#organization\",\"name\":\"Blade Throwers\",\"url\":\"https:\\\/\\\/bladethrowers.rts-developers.com\\\/\",\"logo\":{\"@type\":\"ImageObject\",\"inLanguage\":\"de\",\"@id\":\"https:\\\/\\\/bladethrowers.rts-developers.com\\\/#\\\/schema\\\/logo\\\/image\\\/\",\"url\":\"https:\\\/\\\/bladethrowers.rts-developers.com\\\/wp-content\\\/uploads\\\/2025\\\/05\\\/photo_2025-05-02_15-29-47-1-1-Photoroom.png\",\"contentUrl\":\"https:\\\/\\\/bladethrowers.rts-developers.com\\\/wp-content\\\/uploads\\\/2025\\\/05\\\/photo_2025-05-02_15-29-47-1-1-Photoroom.png\",\"width\":1280,\"height\":790,\"caption\":\"Blade Throwers\"},\"image\":{\"@id\":\"https:\\\/\\\/bladethrowers.rts-developers.com\\\/#\\\/schema\\\/logo\\\/image\\\/\"}}]}<\/script>\n<!-- \/ Yoast SEO plugin. -->","yoast_head_json":{"title":"Set of 3 Hornet No-Spin Throwing Knives \u2013 250mm, 245g, 8mm Carbon Steel by NozhTop - Blade Throwers","description":"Set of 3 Hornet throwing knives by NozhTop \u2013 heavy-duty 8mm carbon steel for powerful no-spin throwing. 250mm length, 245g each.","robots":{"index":"index","follow":"follow","max-snippet":"max-snippet:-1","max-image-preview":"max-image-preview:large","max-video-preview":"max-video-preview:-1"},"canonical":"https:\/\/bladethrowers.rts-developers.com\/de\/product\/set-of-3-hornet-no-spin-throwing-knives-250mm-245g-8mm\/","og_locale":"de_DE","og_type":"article","og_title":"Set of 3 Hornet No-Spin Throwing Knives \u2013 250mm, 245g, 8mm Carbon Steel by NozhTop - Blade Throwers","og_description":"Set of 3 Hornet throwing knives by NozhTop \u2013 heavy-duty 8mm carbon steel for powerful no-spin throwing. 250mm length, 245g each.","og_url":"https:\/\/bladethrowers.rts-developers.com\/de\/product\/set-of-3-hornet-no-spin-throwing-knives-250mm-245g-8mm\/","og_site_name":"Blade Throwers","article_modified_time":"2025-05-19T05:52:19+00:00","og_image":[{"width":1500,"height":1500,"url":"https:\/\/bladethrowers.rts-developers.com\/wp-content\/uploads\/2025\/05\/1500x1500-1.png","type":"image\/png"}],"twitter_card":"summary_large_image","twitter_misc":{"Gesch\u00e4tzte Lesezeit":"2\u00a0Minuten"},"schema":{"@context":"https:\/\/schema.org","@graph":[{"@type":"WebPage","@id":"https:\/\/bladethrowers.rts-developers.com\/product\/set-of-3-hornet-no-spin-throwing-knives-250mm-245g-8mm\/","url":"https:\/\/bladethrowers.rts-developers.com\/product\/set-of-3-hornet-no-spin-throwing-knives-250mm-245g-8mm\/","name":"Set of 3 Hornet No-Spin Throwing Knives \u2013 250mm, 245g, 8mm Carbon Steel by NozhTop - Blade Throwers","isPartOf":{"@id":"https:\/\/bladethrowers.rts-developers.com\/#website"},"primaryImageOfPage":{"@id":"https:\/\/bladethrowers.rts-developers.com\/product\/set-of-3-hornet-no-spin-throwing-knives-250mm-245g-8mm\/#primaryimage"},"image":{"@id":"https:\/\/bladethrowers.rts-developers.com\/product\/set-of-3-hornet-no-spin-throwing-knives-250mm-245g-8mm\/#primaryimage"},"thumbnailUrl":"https:\/\/bladethrowers.rts-developers.com\/wp-content\/uploads\/2025\/05\/1500x1500-1.png","datePublished":"2025-05-11T16:24:17+00:00","dateModified":"2025-05-19T05:52:19+00:00","description":"Set of 3 Hornet throwing knives by NozhTop \u2013 heavy-duty 8mm carbon steel for powerful no-spin throwing. 250mm length, 245g each.","breadcrumb":{"@id":"https:\/\/bladethrowers.rts-developers.com\/product\/set-of-3-hornet-no-spin-throwing-knives-250mm-245g-8mm\/#breadcrumb"},"inLanguage":"de","potentialAction":[{"@type":"ReadAction","target":["https:\/\/bladethrowers.rts-developers.com\/product\/set-of-3-hornet-no-spin-throwing-knives-250mm-245g-8mm\/"]}]},{"@type":"ImageObject","inLanguage":"de","@id":"https:\/\/bladethrowers.rts-developers.com\/product\/set-of-3-hornet-no-spin-throwing-knives-250mm-245g-8mm\/#primaryimage","url":"https:\/\/bladethrowers.rts-developers.com\/wp-content\/uploads\/2025\/05\/1500x1500-1.png","contentUrl":"https:\/\/bladethrowers.rts-developers.com\/wp-content\/uploads\/2025\/05\/1500x1500-1.png","width":1500,"height":1500},{"@type":"BreadcrumbList","@id":"https:\/\/bladethrowers.rts-developers.com\/product\/set-of-3-hornet-no-spin-throwing-knives-250mm-245g-8mm\/#breadcrumb","itemListElement":[{"@type":"ListItem","position":1,"name":"\u0413\u043e\u043b\u043e\u0432\u043d\u0430","item":"https:\/\/bladethrowers.rts-developers.com\/"},{"@type":"ListItem","position":2,"name":"Shop","item":"https:\/\/bladethrowers.rts-developers.com\/shop\/"},{"@type":"ListItem","position":3,"name":"Set of 3 Hornet No-Spin Throwing Knives \u2013 250mm, 245g, 8mm Carbon Steel by NozhTop"}]},{"@type":"WebSite","@id":"https:\/\/bladethrowers.rts-developers.com\/#website","url":"https:\/\/bladethrowers.rts-developers.com\/","name":"Blade Throwers","description":"Throwing Knives and Axes Shop","publisher":{"@id":"https:\/\/bladethrowers.rts-developers.com\/#organization"},"potentialAction":[{"@type":"SearchAction","target":{"@type":"EntryPoint","urlTemplate":"https:\/\/bladethrowers.rts-developers.com\/?s={search_term_string}"},"query-input":{"@type":"PropertyValueSpecification","valueRequired":true,"valueName":"search_term_string"}}],"inLanguage":"de"},{"@type":"Organization","@id":"https:\/\/bladethrowers.rts-developers.com\/#organization","name":"Blade Throwers","url":"https:\/\/bladethrowers.rts-developers.com\/","logo":{"@type":"ImageObject","inLanguage":"de","@id":"https:\/\/bladethrowers.rts-developers.com\/#\/schema\/logo\/image\/","url":"https:\/\/bladethrowers.rts-developers.com\/wp-content\/uploads\/2025\/05\/photo_2025-05-02_15-29-47-1-1-Photoroom.png","contentUrl":"https:\/\/bladethrowers.rts-developers.com\/wp-content\/uploads\/2025\/05\/photo_2025-05-02_15-29-47-1-1-Photoroom.png","width":1280,"height":790,"caption":"Blade Throwers"},"image":{"@id":"https:\/\/bladethrowers.rts-developers.com\/#\/schema\/logo\/image\/"}}]}},"_links":{"self":[{"href":"https:\/\/bladethrowers.rts-developers.com\/de\/wp-json\/wp\/v2\/product\/885","targetHints":{"allow":["GET"]}}],"collection":[{"href":"https:\/\/bladethrowers.rts-developers.com\/de\/wp-json\/wp\/v2\/product"}],"about":[{"href":"https:\/\/bladethrowers.rts-developers.com\/de\/wp-json\/wp\/v2\/types\/product"}],"replies":[{"embeddable":true,"href":"https:\/\/bladethrowers.rts-developers.com\/de\/wp-json\/wp\/v2\/comments?post=885"}],"wp:featuredmedia":[{"embeddable":true,"href":"https:\/\/bladethrowers.rts-developers.com\/de\/wp-json\/wp\/v2\/media\/556"}],"wp:attachment":[{"href":"https:\/\/bladethrowers.rts-developers.com\/de\/wp-json\/wp\/v2\/media?parent=885"}],"wp:term":[{"taxonomy":"product_brand","embeddable":true,"href":"https:\/\/bladethrowers.rts-developers.com\/de\/wp-json\/wp\/v2\/product_brand?post=885"},{"taxonomy":"product_cat","embeddable":true,"href":"https:\/\/bladethrowers.rts-developers.com\/de\/wp-json\/wp\/v2\/product_cat?post=885"},{"taxonomy":"product_tag","embeddable":true,"href":"https:\/\/bladethrowers.rts-developers.com\/de\/wp-json\/wp\/v2\/product_tag?post=885"}],"curies":[{"name":"wp","href":"https:\/\/api.w.org\/{rel}","templated":true}]}}