{"id":947,"date":"2025-05-12T15:09:46","date_gmt":"2025-05-12T15:09:46","guid":{"rendered":"https:\/\/bladethrowers.rts-developers.com\/?post_type=product&#038;p=947"},"modified":"2025-05-19T05:33:46","modified_gmt":"2025-05-19T05:33:46","slug":"wedge-no-spin-throwing-knife-280mm-290g","status":"publish","type":"product","link":"https:\/\/bladethrowers.rts-developers.com\/es\/product\/wedge-no-spin-throwing-knife-280mm-290g\/","title":{"rendered":"Cuchillo de lanzar Wedge No-Spin - 280mm (11in), 290g, 8mm de grosor, acero al carbono, Stonewash by NozhTop"},"content":{"rendered":"<p>Wedge No-Spin Throwing Knife de NozhTop: una herramienta limpia, sim\u00e9trica y poderosamente sencilla para lanzar sin efecto de forma instintiva.<\/p>\n<p>Dise\u00f1ado y fabricado a mano en Ucrania, el cuchillo Wedge combina ingenier\u00eda de precisi\u00f3n con minimalismo. Su perfil sim\u00e9trico permite a los lanzadores utilizar ambos lados por igual, ofreciendo un vuelo suave y sin rotaciones en cada lanzamiento.<\/p>\n<p>Con un peso de 290 g (10,2 oz) y una longitud de 280 mm (11 in), este cuchillo ofrece una excelente relaci\u00f3n masa-longitud para una clavada profunda y una punter\u00eda consistente. Su cuerpo de 8 mm de grosor proporciona un agarre resistente y absorbe los impactos, por lo que es perfecto tanto para principiantes como para lanzadores avanzados que utilicen t\u00e9cnicas SKANF o instintivas.<\/p>\n<p>El acabado lavado a la piedra a\u00f1ade durabilidad y mejora el agarre durante la liberaci\u00f3n, mientras que el dise\u00f1o sencillo hace que sea f\u00e1cil de usar y dif\u00edcil de ignorar.<\/p>\n<p>Siempre en stock. Se env\u00eda dentro de las 48 horas siguientes al pago.<\/p>\n<h4>Caracter\u00edsticas principales<\/h4>\n<ul>\n<li>Ideal para lanzamientos sin efecto, instintivos y SKANF<\/li>\n<li>Forma sim\u00e9trica para un uso reversible y uniforme<\/li>\n<li>Heavy and thick for high sticking power<\/li>\n<li>Dise\u00f1o sencillo con un rendimiento excepcional<\/li>\n<li>El acabado en piedra resiste el \u00f3xido y mejora el agarre<\/li>\n<\/ul>\n<h4>Especificaciones t\u00e9cnicas<\/h4>\n<table>\n<tbody>\n<tr>\n<td><strong>Peso<\/strong><\/td>\n<td>290 g \/ 10.2 oz<\/td>\n<\/tr>\n<tr>\n<td><strong>Longitud total<\/strong><\/td>\n<td>11 in \/ 280 mm<\/td>\n<\/tr>\n<tr>\n<td><strong>Grosor de la cuchilla<\/strong><\/td>\n<td>0.31 in \/ 8 mm<\/td>\n<\/tr>\n<tr>\n<td><strong>Material<\/strong><\/td>\n<td>Acero al carbono para muelles fabricado a mano<\/td>\n<\/tr>\n<tr>\n<td><strong>Estilo de lanzamiento<\/strong><\/td>\n<td>No-spin, SKANF, instintivo<\/td>\n<\/tr>\n<tr>\n<td><strong>Acabado<\/strong><\/td>\n<td>Encalada<\/td>\n<\/tr>\n<tr>\n<td><strong>Funda<\/strong><\/td>\n<td>No incluido (se vende por separado)<\/td>\n<\/tr>\n<\/tbody>\n<\/table>","protected":false},"excerpt":{"rendered":"<p>Cuchillo de cu\u00f1a no-spin de NozhTop - 290g, 280mm, 8mm de grosor. Hecho a mano en Ucrania de acero al carbono. Dise\u00f1o sim\u00e9trico y simple para SKANF y lanzamiento instintivo. Env\u00edo en 48h.<\/p>","protected":false},"featured_media":948,"comment_status":"open","ping_status":"closed","template":"","meta":{"inline_featured_image":false},"product_brand":[],"product_cat":[21,20],"product_tag":[497,449,216,499,368,119,481,101,162,92,480,498,496],"class_list":{"0":"post-947","1":"product","2":"type-product","3":"status-publish","4":"has-post-thumbnail","6":"product_cat-kunai-throwing-knives","7":"product_cat-throwing-knives","8":"product_tag-280mm-blade","9":"product_tag-290g-knife","10":"product_tag-carbon-steel-knife","11":"product_tag-durable-throwing-knife","12":"product_tag-handmade-blade","13":"product_tag-heavy-throwing-knife","14":"product_tag-instinctive-thrower","15":"product_tag-no-spin-throwing","16":"product_tag-nozhtop-knife","17":"product_tag-skanf-knife","18":"product_tag-symmetrical-knife","19":"product_tag-throwing-knife-ukraine","20":"product_tag-wedge-knife","21":"pa_length-25-30-cm","22":"pa_skill-level-beginner","23":"pa_throwing-style-half-spin","24":"pa_throwing-style-no-spin","26":"first","27":"instock","28":"sale","29":"shipping-taxable","30":"purchasable","31":"product-type-simple"},"acf":[],"yoast_head":"<!-- This site is optimized with the Yoast SEO plugin v27.4 - https:\/\/yoast.com\/product\/yoast-seo-wordpress\/ -->\n<title>Wedge No-Spin Throwing Knife \u2013 280mm (11in), 290g, 8mm Thick, Carbon Steel, Stonewash by NozhTop - Blade Throwers<\/title>\n<meta name=\"description\" content=\"Wedge no-spin knife \u2013 290g, 280mm, 8mm thick. Handmade in Ukraine from carbon steel. Symmetrical and simple design for SKANF and instinctive throwing.\" \/>\n<meta name=\"robots\" content=\"index, follow, max-snippet:-1, max-image-preview:large, max-video-preview:-1\" \/>\n<link rel=\"canonical\" href=\"https:\/\/bladethrowers.rts-developers.com\/es\/product\/wedge-no-spin-throwing-knife-280mm-290g\/\" \/>\n<meta property=\"og:locale\" content=\"es_ES\" \/>\n<meta property=\"og:type\" content=\"article\" \/>\n<meta property=\"og:title\" content=\"Wedge No-Spin Throwing Knife \u2013 280mm (11in), 290g, 8mm Thick, Carbon Steel, Stonewash by NozhTop - Blade Throwers\" \/>\n<meta property=\"og:description\" content=\"Wedge no-spin knife \u2013 290g, 280mm, 8mm thick. Handmade in Ukraine from carbon steel. Symmetrical and simple design for SKANF and instinctive throwing.\" \/>\n<meta property=\"og:url\" content=\"https:\/\/bladethrowers.rts-developers.com\/es\/product\/wedge-no-spin-throwing-knife-280mm-290g\/\" \/>\n<meta property=\"og:site_name\" content=\"Blade Throwers\" \/>\n<meta property=\"article:modified_time\" content=\"2025-05-19T05:33:46+00:00\" \/>\n<meta property=\"og:image\" content=\"https:\/\/bladethrowers.rts-developers.com\/wp-content\/uploads\/2025\/05\/IMG_20240323_113344.jpg\" \/>\n\t<meta property=\"og:image:width\" content=\"1994\" \/>\n\t<meta property=\"og:image:height\" content=\"1994\" \/>\n\t<meta property=\"og:image:type\" content=\"image\/jpeg\" \/>\n<meta name=\"twitter:card\" content=\"summary_large_image\" \/>\n<meta name=\"twitter:label1\" content=\"Tiempo de lectura\" \/>\n\t<meta name=\"twitter:data1\" content=\"2 minutos\" \/>\n<script type=\"application\/ld+json\" class=\"yoast-schema-graph\">{\"@context\":\"https:\\\/\\\/schema.org\",\"@graph\":[{\"@type\":\"WebPage\",\"@id\":\"https:\\\/\\\/bladethrowers.rts-developers.com\\\/product\\\/wedge-no-spin-throwing-knife-280mm-290g\\\/\",\"url\":\"https:\\\/\\\/bladethrowers.rts-developers.com\\\/product\\\/wedge-no-spin-throwing-knife-280mm-290g\\\/\",\"name\":\"Wedge No-Spin Throwing Knife \u2013 280mm (11in), 290g, 8mm Thick, Carbon Steel, Stonewash by NozhTop - Blade Throwers\",\"isPartOf\":{\"@id\":\"https:\\\/\\\/bladethrowers.rts-developers.com\\\/#website\"},\"primaryImageOfPage\":{\"@id\":\"https:\\\/\\\/bladethrowers.rts-developers.com\\\/product\\\/wedge-no-spin-throwing-knife-280mm-290g\\\/#primaryimage\"},\"image\":{\"@id\":\"https:\\\/\\\/bladethrowers.rts-developers.com\\\/product\\\/wedge-no-spin-throwing-knife-280mm-290g\\\/#primaryimage\"},\"thumbnailUrl\":\"https:\\\/\\\/bladethrowers.rts-developers.com\\\/wp-content\\\/uploads\\\/2025\\\/05\\\/IMG_20240323_113344.jpg\",\"datePublished\":\"2025-05-12T15:09:46+00:00\",\"dateModified\":\"2025-05-19T05:33:46+00:00\",\"description\":\"Wedge no-spin knife \u2013 290g, 280mm, 8mm thick. Handmade in Ukraine from carbon steel. Symmetrical and simple design for SKANF and instinctive throwing.\",\"breadcrumb\":{\"@id\":\"https:\\\/\\\/bladethrowers.rts-developers.com\\\/product\\\/wedge-no-spin-throwing-knife-280mm-290g\\\/#breadcrumb\"},\"inLanguage\":\"es\",\"potentialAction\":[{\"@type\":\"ReadAction\",\"target\":[\"https:\\\/\\\/bladethrowers.rts-developers.com\\\/product\\\/wedge-no-spin-throwing-knife-280mm-290g\\\/\"]}]},{\"@type\":\"ImageObject\",\"inLanguage\":\"es\",\"@id\":\"https:\\\/\\\/bladethrowers.rts-developers.com\\\/product\\\/wedge-no-spin-throwing-knife-280mm-290g\\\/#primaryimage\",\"url\":\"https:\\\/\\\/bladethrowers.rts-developers.com\\\/wp-content\\\/uploads\\\/2025\\\/05\\\/IMG_20240323_113344.jpg\",\"contentUrl\":\"https:\\\/\\\/bladethrowers.rts-developers.com\\\/wp-content\\\/uploads\\\/2025\\\/05\\\/IMG_20240323_113344.jpg\",\"width\":1994,\"height\":1994},{\"@type\":\"BreadcrumbList\",\"@id\":\"https:\\\/\\\/bladethrowers.rts-developers.com\\\/product\\\/wedge-no-spin-throwing-knife-280mm-290g\\\/#breadcrumb\",\"itemListElement\":[{\"@type\":\"ListItem\",\"position\":1,\"name\":\"\u0413\u043e\u043b\u043e\u0432\u043d\u0430\",\"item\":\"https:\\\/\\\/bladethrowers.rts-developers.com\\\/\"},{\"@type\":\"ListItem\",\"position\":2,\"name\":\"Shop\",\"item\":\"https:\\\/\\\/bladethrowers.rts-developers.com\\\/shop\\\/\"},{\"@type\":\"ListItem\",\"position\":3,\"name\":\"Wedge No-Spin Throwing Knife \u2013 280mm (11in), 290g, 8mm Thick, Carbon Steel, Stonewash by NozhTop\"}]},{\"@type\":\"WebSite\",\"@id\":\"https:\\\/\\\/bladethrowers.rts-developers.com\\\/#website\",\"url\":\"https:\\\/\\\/bladethrowers.rts-developers.com\\\/\",\"name\":\"Blade Throwers\",\"description\":\"Throwing Knives and Axes Shop\",\"publisher\":{\"@id\":\"https:\\\/\\\/bladethrowers.rts-developers.com\\\/#organization\"},\"potentialAction\":[{\"@type\":\"SearchAction\",\"target\":{\"@type\":\"EntryPoint\",\"urlTemplate\":\"https:\\\/\\\/bladethrowers.rts-developers.com\\\/?s={search_term_string}\"},\"query-input\":{\"@type\":\"PropertyValueSpecification\",\"valueRequired\":true,\"valueName\":\"search_term_string\"}}],\"inLanguage\":\"es\"},{\"@type\":\"Organization\",\"@id\":\"https:\\\/\\\/bladethrowers.rts-developers.com\\\/#organization\",\"name\":\"Blade Throwers\",\"url\":\"https:\\\/\\\/bladethrowers.rts-developers.com\\\/\",\"logo\":{\"@type\":\"ImageObject\",\"inLanguage\":\"es\",\"@id\":\"https:\\\/\\\/bladethrowers.rts-developers.com\\\/#\\\/schema\\\/logo\\\/image\\\/\",\"url\":\"https:\\\/\\\/bladethrowers.rts-developers.com\\\/wp-content\\\/uploads\\\/2025\\\/05\\\/photo_2025-05-02_15-29-47-1-1-Photoroom.png\",\"contentUrl\":\"https:\\\/\\\/bladethrowers.rts-developers.com\\\/wp-content\\\/uploads\\\/2025\\\/05\\\/photo_2025-05-02_15-29-47-1-1-Photoroom.png\",\"width\":1280,\"height\":790,\"caption\":\"Blade Throwers\"},\"image\":{\"@id\":\"https:\\\/\\\/bladethrowers.rts-developers.com\\\/#\\\/schema\\\/logo\\\/image\\\/\"}}]}<\/script>\n<!-- \/ Yoast SEO plugin. -->","yoast_head_json":{"title":"Wedge No-Spin Throwing Knife \u2013 280mm (11in), 290g, 8mm Thick, Carbon Steel, Stonewash by NozhTop - Blade Throwers","description":"Wedge no-spin knife \u2013 290g, 280mm, 8mm thick. Handmade in Ukraine from carbon steel. Symmetrical and simple design for SKANF and instinctive throwing.","robots":{"index":"index","follow":"follow","max-snippet":"max-snippet:-1","max-image-preview":"max-image-preview:large","max-video-preview":"max-video-preview:-1"},"canonical":"https:\/\/bladethrowers.rts-developers.com\/es\/product\/wedge-no-spin-throwing-knife-280mm-290g\/","og_locale":"es_ES","og_type":"article","og_title":"Wedge No-Spin Throwing Knife \u2013 280mm (11in), 290g, 8mm Thick, Carbon Steel, Stonewash by NozhTop - Blade Throwers","og_description":"Wedge no-spin knife \u2013 290g, 280mm, 8mm thick. Handmade in Ukraine from carbon steel. Symmetrical and simple design for SKANF and instinctive throwing.","og_url":"https:\/\/bladethrowers.rts-developers.com\/es\/product\/wedge-no-spin-throwing-knife-280mm-290g\/","og_site_name":"Blade Throwers","article_modified_time":"2025-05-19T05:33:46+00:00","og_image":[{"width":1994,"height":1994,"url":"https:\/\/bladethrowers.rts-developers.com\/wp-content\/uploads\/2025\/05\/IMG_20240323_113344.jpg","type":"image\/jpeg"}],"twitter_card":"summary_large_image","twitter_misc":{"Tiempo de lectura":"2 minutos"},"schema":{"@context":"https:\/\/schema.org","@graph":[{"@type":"WebPage","@id":"https:\/\/bladethrowers.rts-developers.com\/product\/wedge-no-spin-throwing-knife-280mm-290g\/","url":"https:\/\/bladethrowers.rts-developers.com\/product\/wedge-no-spin-throwing-knife-280mm-290g\/","name":"Wedge No-Spin Throwing Knife \u2013 280mm (11in), 290g, 8mm Thick, Carbon Steel, Stonewash by NozhTop - Blade Throwers","isPartOf":{"@id":"https:\/\/bladethrowers.rts-developers.com\/#website"},"primaryImageOfPage":{"@id":"https:\/\/bladethrowers.rts-developers.com\/product\/wedge-no-spin-throwing-knife-280mm-290g\/#primaryimage"},"image":{"@id":"https:\/\/bladethrowers.rts-developers.com\/product\/wedge-no-spin-throwing-knife-280mm-290g\/#primaryimage"},"thumbnailUrl":"https:\/\/bladethrowers.rts-developers.com\/wp-content\/uploads\/2025\/05\/IMG_20240323_113344.jpg","datePublished":"2025-05-12T15:09:46+00:00","dateModified":"2025-05-19T05:33:46+00:00","description":"Wedge no-spin knife \u2013 290g, 280mm, 8mm thick. Handmade in Ukraine from carbon steel. Symmetrical and simple design for SKANF and instinctive throwing.","breadcrumb":{"@id":"https:\/\/bladethrowers.rts-developers.com\/product\/wedge-no-spin-throwing-knife-280mm-290g\/#breadcrumb"},"inLanguage":"es","potentialAction":[{"@type":"ReadAction","target":["https:\/\/bladethrowers.rts-developers.com\/product\/wedge-no-spin-throwing-knife-280mm-290g\/"]}]},{"@type":"ImageObject","inLanguage":"es","@id":"https:\/\/bladethrowers.rts-developers.com\/product\/wedge-no-spin-throwing-knife-280mm-290g\/#primaryimage","url":"https:\/\/bladethrowers.rts-developers.com\/wp-content\/uploads\/2025\/05\/IMG_20240323_113344.jpg","contentUrl":"https:\/\/bladethrowers.rts-developers.com\/wp-content\/uploads\/2025\/05\/IMG_20240323_113344.jpg","width":1994,"height":1994},{"@type":"BreadcrumbList","@id":"https:\/\/bladethrowers.rts-developers.com\/product\/wedge-no-spin-throwing-knife-280mm-290g\/#breadcrumb","itemListElement":[{"@type":"ListItem","position":1,"name":"\u0413\u043e\u043b\u043e\u0432\u043d\u0430","item":"https:\/\/bladethrowers.rts-developers.com\/"},{"@type":"ListItem","position":2,"name":"Shop","item":"https:\/\/bladethrowers.rts-developers.com\/shop\/"},{"@type":"ListItem","position":3,"name":"Wedge No-Spin Throwing Knife \u2013 280mm (11in), 290g, 8mm Thick, Carbon Steel, Stonewash by NozhTop"}]},{"@type":"WebSite","@id":"https:\/\/bladethrowers.rts-developers.com\/#website","url":"https:\/\/bladethrowers.rts-developers.com\/","name":"Blade Throwers","description":"Throwing Knives and Axes Shop","publisher":{"@id":"https:\/\/bladethrowers.rts-developers.com\/#organization"},"potentialAction":[{"@type":"SearchAction","target":{"@type":"EntryPoint","urlTemplate":"https:\/\/bladethrowers.rts-developers.com\/?s={search_term_string}"},"query-input":{"@type":"PropertyValueSpecification","valueRequired":true,"valueName":"search_term_string"}}],"inLanguage":"es"},{"@type":"Organization","@id":"https:\/\/bladethrowers.rts-developers.com\/#organization","name":"Blade Throwers","url":"https:\/\/bladethrowers.rts-developers.com\/","logo":{"@type":"ImageObject","inLanguage":"es","@id":"https:\/\/bladethrowers.rts-developers.com\/#\/schema\/logo\/image\/","url":"https:\/\/bladethrowers.rts-developers.com\/wp-content\/uploads\/2025\/05\/photo_2025-05-02_15-29-47-1-1-Photoroom.png","contentUrl":"https:\/\/bladethrowers.rts-developers.com\/wp-content\/uploads\/2025\/05\/photo_2025-05-02_15-29-47-1-1-Photoroom.png","width":1280,"height":790,"caption":"Blade Throwers"},"image":{"@id":"https:\/\/bladethrowers.rts-developers.com\/#\/schema\/logo\/image\/"}}]}},"_links":{"self":[{"href":"https:\/\/bladethrowers.rts-developers.com\/es\/wp-json\/wp\/v2\/product\/947","targetHints":{"allow":["GET"]}}],"collection":[{"href":"https:\/\/bladethrowers.rts-developers.com\/es\/wp-json\/wp\/v2\/product"}],"about":[{"href":"https:\/\/bladethrowers.rts-developers.com\/es\/wp-json\/wp\/v2\/types\/product"}],"replies":[{"embeddable":true,"href":"https:\/\/bladethrowers.rts-developers.com\/es\/wp-json\/wp\/v2\/comments?post=947"}],"wp:featuredmedia":[{"embeddable":true,"href":"https:\/\/bladethrowers.rts-developers.com\/es\/wp-json\/wp\/v2\/media\/948"}],"wp:attachment":[{"href":"https:\/\/bladethrowers.rts-developers.com\/es\/wp-json\/wp\/v2\/media?parent=947"}],"wp:term":[{"taxonomy":"product_brand","embeddable":true,"href":"https:\/\/bladethrowers.rts-developers.com\/es\/wp-json\/wp\/v2\/product_brand?post=947"},{"taxonomy":"product_cat","embeddable":true,"href":"https:\/\/bladethrowers.rts-developers.com\/es\/wp-json\/wp\/v2\/product_cat?post=947"},{"taxonomy":"product_tag","embeddable":true,"href":"https:\/\/bladethrowers.rts-developers.com\/es\/wp-json\/wp\/v2\/product_tag?post=947"}],"curies":[{"name":"wp","href":"https:\/\/api.w.org\/{rel}","templated":true}]}}