{"id":123,"date":"2025-05-03T12:04:45","date_gmt":"2025-05-03T12:04:45","guid":{"rendered":"https:\/\/bladethrowers.rts-developers.com\/?page_id=123"},"modified":"2025-05-03T18:32:21","modified_gmt":"2025-05-03T18:32:21","slug":"privacy-policy","status":"publish","type":"page","link":"https:\/\/bladethrowers.rts-developers.com\/fr\/privacy-policy\/","title":{"rendered":"Privacy policy"},"content":{"rendered":"<p>Chez Blade Throwers, nous nous engageons \u00e0 prot\u00e9ger votre vie priv\u00e9e. Cette politique de confidentialit\u00e9 explique comment nous recueillons, utilisons et prot\u00e9geons vos informations personnelles lorsque vous visitez ou effectuez un achat sur notre site web.<\/p>\n\n\n\n<h2 class=\"wp-block-heading\"><strong>1. Les informations que nous collectons<\/strong><\/h2>\n\n\n\n<p>Nous recueillons les informations personnelles que vous nous fournissez lorsque vous.. :<\/p>\n\n\n\n<p>Passer une commande<\/p>\n\n\n\n<p>S'abonner \u00e0 la newsletter<\/p>\n\n\n\n<p>Contactez-nous via le formulaire ou par courriel<\/p>\n\n\n\n<p>Il peut s'agir de<\/p>\n\n\n\n<p>Votre nom<\/p>\n\n\n\n<p>Adresse \u00e9lectronique<\/p>\n\n\n\n<p>Adresse de livraison et de facturation<\/p>\n\n\n\n<p>Num\u00e9ro de t\u00e9l\u00e9phone<\/p>\n\n\n\n<p>Donn\u00e9es de paiement (trait\u00e9es de mani\u00e8re s\u00e9curis\u00e9e par des fournisseurs tiers)<\/p>\n\n\n\n<p>Nous collectons \u00e9galement des donn\u00e9es techniques limit\u00e9es (adresse IP, type de navigateur, site de r\u00e9f\u00e9rence) \u00e0 des fins d'analyse et de s\u00e9curit\u00e9.<\/p>\n\n\n\n<h2 class=\"wp-block-heading\"><strong>2. Comment nous utilisons vos informations<\/strong><\/h2>\n\n\n\n<p>Nous utilisons vos informations personnelles pour :<\/p>\n\n\n\n<p>Ex\u00e9cuter et exp\u00e9dier vos commandes<\/p>\n\n\n\n<p>Communiquer avec vous (par exemple, mise \u00e0 jour des commandes, assistance)<\/p>\n\n\n\n<p>Envoyer des courriels promotionnels (uniquement si vous vous inscrivez)<\/p>\n\n\n\n<p>Pr\u00e9venir la fraude et assurer la s\u00e9curit\u00e9<\/p>\n\n\n\n<p>Am\u00e9liorer les performances de notre site web<\/p>\n\n\n\n<p>Nous ne vendons ni ne louons vos donn\u00e9es personnelles \u00e0 des tiers.<\/p>\n\n\n\n<h2 class=\"wp-block-heading\"><strong>3. Services de tiers<\/strong><\/h2>\n\n\n\n<p>Nous travaillons avec des services tiers de confiance tels que :<\/p>\n\n\n\n<p>Processeurs de paiement (par exemple Stripe, PayPal)<\/p>\n\n\n\n<p>Fournisseurs de services d'exp\u00e9dition (par exemple, courriers locaux)<\/p>\n\n\n\n<p>Outils d'analyse (par exemple Google Analytics)<\/p>\n\n\n\n<p>Ces services peuvent acc\u00e9der \u00e0 des donn\u00e9es limit\u00e9es uniquement pour effectuer des t\u00e2ches sp\u00e9cifiques en notre nom et sont tenus de les traiter de mani\u00e8re s\u00e9curis\u00e9e.<\/p>\n\n\n\n<h2 class=\"wp-block-heading\"><strong>4. Cookies<\/strong><\/h2>\n\n\n\n<p>Notre site Internet utilise des cookies pour :<\/p>\n\n\n\n<p>Permettre les fonctionnalit\u00e9s essentielles du site<\/p>\n\n\n\n<p>M\u00e9morisez vos pr\u00e9f\u00e9rences<\/p>\n\n\n\n<p>Suivi de l'utilisation \u00e0 des fins d'analyse et de performance<\/p>\n\n\n\n<p>Vous pouvez \u00e0 tout moment modifier vos param\u00e8tres en mati\u00e8re de cookies dans votre navigateur.<\/p>\n\n\n\n<h2 class=\"wp-block-heading\"><strong>5. Vos droits (clients de l'UE\/EEE)<\/strong><\/h2>\n\n\n\n<p>Si vous \u00eates situ\u00e9 dans l'Union europ\u00e9enne, vous avez le droit de.. :<\/p>\n\n\n\n<p>Acc\u00e9der aux donn\u00e9es que nous d\u00e9tenons sur vous<\/p>\n\n\n\n<p>Demande de correction ou de suppression<\/p>\n\n\n\n<p>S'opposer \u00e0 certaines utilisations de vos donn\u00e9es<\/p>\n\n\n\n<p>Retirer son consentement (pour le marketing)<\/p>\n\n\n\n<p>Pour exercer ces droits, contactez-nous \u00e0 l'adresse suivante : bladethrowersshop@gmail.com.<\/p>\n\n\n\n<h2 class=\"wp-block-heading\"><strong>6. S\u00e9curit\u00e9 des donn\u00e9es<\/strong><\/h2>\n\n\n\n<p>Nous prenons des mesures raisonnables pour prot\u00e9ger vos informations personnelles, notamment :<\/p>\n\n\n\n<p>Cryptage HTTPS s\u00e9curis\u00e9<\/p>\n\n\n\n<p>La tokenisation des paiements par l'interm\u00e9diaire de processeurs tiers<\/p>\n\n\n\n<p>Acc\u00e8s limit\u00e9 aux donn\u00e9es sensibles<\/p>\n\n\n\n<h2 class=\"wp-block-heading\"><strong>7. R\u00e9tention<\/strong><\/h2>\n\n\n\n<p>Nous ne conservons vos donn\u00e9es personnelles qu'aussi longtemps que n\u00e9cessaire aux fins d\u00e9crites dans la pr\u00e9sente politique, ou si la loi l'exige (par exemple, pour des raisons fiscales, comptables ou de respect de la l\u00e9gislation).<\/p>\n\n\n\n<h2 class=\"wp-block-heading\"><strong>8. Modifications de la pr\u00e9sente politique<\/strong><\/h2>\n\n\n\n<p>Nous pouvons mettre \u00e0 jour cette politique de confidentialit\u00e9 de temps \u00e0 autre. La derni\u00e8re version sera toujours disponible sur cette page. En continuant \u00e0 utiliser notre site, vous acceptez les conditions mises \u00e0 jour.<\/p>\n\n\n\n<h2 class=\"wp-block-heading\"><strong>9. Nous contacter<\/strong><\/h2>\n\n\n\n<p>Si vous avez des questions ou des pr\u00e9occupations concernant cette politique de confidentialit\u00e9, n'h\u00e9sitez pas \u00e0 nous contacter :<\/p>\n\n\n\n<ul class=\"wp-block-list\">\n<li><strong>Contactez nous :<\/strong> <strong><a href=\"https:\/\/bladethrowers.shop\/contact-us\/\">Blade Throwers<\/a><\/strong><\/li>\n\n\n\n<li><strong>Email: <a href=\"mailto:bladethrowersshop@gmail.com\">bladethrowersshop@gmail.com<\/a><\/strong><\/li>\n<\/ul>\n\n\n\n<p>Votre confiance est importante pour nous. Nous traitons vos donn\u00e9es comme nous voudrions que les n\u00f4tres soient trait\u00e9es - en toute s\u00e9curit\u00e9 et avec respect.<\/p>","protected":false},"excerpt":{"rendered":"<p>At Blade Throwers, we are committed to protecting your privacy. This Privacy Policy explains how we collect, use, and safeguard your personal information when you visit or make a purchase from our website. 1. Information We Collect We collect personal information you provide to us when you: Place an order Subscribe to our newsletter Contact [&hellip;]<\/p>","protected":false},"author":1,"featured_media":0,"parent":0,"menu_order":0,"comment_status":"closed","ping_status":"closed","template":"template-pages\/policy.php","meta":{"inline_featured_image":false,"footnotes":""},"class_list":["post-123","page","type-page","status-publish","hentry"],"acf":[],"yoast_head":"<!-- This site is optimized with the Yoast SEO plugin v27.4 - https:\/\/yoast.com\/product\/yoast-seo-wordpress\/ -->\n<title>Privacy policy - Blade Throwers<\/title>\n<meta name=\"robots\" content=\"index, follow, max-snippet:-1, max-image-preview:large, max-video-preview:-1\" \/>\n<link rel=\"canonical\" href=\"https:\/\/bladethrowers.rts-developers.com\/fr\/privacy-policy\/\" \/>\n<meta property=\"og:locale\" content=\"fr_FR\" \/>\n<meta property=\"og:type\" content=\"article\" \/>\n<meta property=\"og:title\" content=\"Privacy policy - Blade Throwers\" \/>\n<meta property=\"og:description\" content=\"At Blade Throwers, we are committed to protecting your privacy. This Privacy Policy explains how we collect, use, and safeguard your personal information when you visit or make a purchase from our website. 1. Information We Collect We collect personal information you provide to us when you: Place an order Subscribe to our newsletter Contact [&hellip;]\" \/>\n<meta property=\"og:url\" content=\"https:\/\/bladethrowers.rts-developers.com\/fr\/privacy-policy\/\" \/>\n<meta property=\"og:site_name\" content=\"Blade Throwers\" \/>\n<meta property=\"article:modified_time\" content=\"2025-05-03T18:32:21+00:00\" \/>\n<meta name=\"twitter:card\" content=\"summary_large_image\" \/>\n<meta name=\"twitter:label1\" content=\"Dur\u00e9e de lecture estim\u00e9e\" \/>\n\t<meta name=\"twitter:data1\" content=\"2 minutes\" \/>\n<script type=\"application\/ld+json\" class=\"yoast-schema-graph\">{\"@context\":\"https:\\\/\\\/schema.org\",\"@graph\":[{\"@type\":\"WebPage\",\"@id\":\"https:\\\/\\\/bladethrowers.rts-developers.com\\\/privacy-policy\\\/\",\"url\":\"https:\\\/\\\/bladethrowers.rts-developers.com\\\/privacy-policy\\\/\",\"name\":\"Privacy policy - Blade Throwers\",\"isPartOf\":{\"@id\":\"https:\\\/\\\/bladethrowers.rts-developers.com\\\/#website\"},\"datePublished\":\"2025-05-03T12:04:45+00:00\",\"dateModified\":\"2025-05-03T18:32:21+00:00\",\"breadcrumb\":{\"@id\":\"https:\\\/\\\/bladethrowers.rts-developers.com\\\/privacy-policy\\\/#breadcrumb\"},\"inLanguage\":\"fr-FR\",\"potentialAction\":[{\"@type\":\"ReadAction\",\"target\":[\"https:\\\/\\\/bladethrowers.rts-developers.com\\\/privacy-policy\\\/\"]}]},{\"@type\":\"BreadcrumbList\",\"@id\":\"https:\\\/\\\/bladethrowers.rts-developers.com\\\/privacy-policy\\\/#breadcrumb\",\"itemListElement\":[{\"@type\":\"ListItem\",\"position\":1,\"name\":\"\u0413\u043e\u043b\u043e\u0432\u043d\u0430\",\"item\":\"https:\\\/\\\/bladethrowers.rts-developers.com\\\/\"},{\"@type\":\"ListItem\",\"position\":2,\"name\":\"Privacy policy\"}]},{\"@type\":\"WebSite\",\"@id\":\"https:\\\/\\\/bladethrowers.rts-developers.com\\\/#website\",\"url\":\"https:\\\/\\\/bladethrowers.rts-developers.com\\\/\",\"name\":\"Blade Throwers\",\"description\":\"Throwing Knives and Axes Shop\",\"publisher\":{\"@id\":\"https:\\\/\\\/bladethrowers.rts-developers.com\\\/#organization\"},\"potentialAction\":[{\"@type\":\"SearchAction\",\"target\":{\"@type\":\"EntryPoint\",\"urlTemplate\":\"https:\\\/\\\/bladethrowers.rts-developers.com\\\/?s={search_term_string}\"},\"query-input\":{\"@type\":\"PropertyValueSpecification\",\"valueRequired\":true,\"valueName\":\"search_term_string\"}}],\"inLanguage\":\"fr-FR\"},{\"@type\":\"Organization\",\"@id\":\"https:\\\/\\\/bladethrowers.rts-developers.com\\\/#organization\",\"name\":\"Blade Throwers\",\"url\":\"https:\\\/\\\/bladethrowers.rts-developers.com\\\/\",\"logo\":{\"@type\":\"ImageObject\",\"inLanguage\":\"fr-FR\",\"@id\":\"https:\\\/\\\/bladethrowers.rts-developers.com\\\/#\\\/schema\\\/logo\\\/image\\\/\",\"url\":\"https:\\\/\\\/bladethrowers.rts-developers.com\\\/wp-content\\\/uploads\\\/2025\\\/05\\\/photo_2025-05-02_15-29-47-1-1-Photoroom.png\",\"contentUrl\":\"https:\\\/\\\/bladethrowers.rts-developers.com\\\/wp-content\\\/uploads\\\/2025\\\/05\\\/photo_2025-05-02_15-29-47-1-1-Photoroom.png\",\"width\":1280,\"height\":790,\"caption\":\"Blade Throwers\"},\"image\":{\"@id\":\"https:\\\/\\\/bladethrowers.rts-developers.com\\\/#\\\/schema\\\/logo\\\/image\\\/\"}}]}<\/script>\n<!-- \/ Yoast SEO plugin. -->","yoast_head_json":{"title":"Privacy policy - Blade Throwers","robots":{"index":"index","follow":"follow","max-snippet":"max-snippet:-1","max-image-preview":"max-image-preview:large","max-video-preview":"max-video-preview:-1"},"canonical":"https:\/\/bladethrowers.rts-developers.com\/fr\/privacy-policy\/","og_locale":"fr_FR","og_type":"article","og_title":"Privacy policy - Blade Throwers","og_description":"At Blade Throwers, we are committed to protecting your privacy. This Privacy Policy explains how we collect, use, and safeguard your personal information when you visit or make a purchase from our website. 1. Information We Collect We collect personal information you provide to us when you: Place an order Subscribe to our newsletter Contact [&hellip;]","og_url":"https:\/\/bladethrowers.rts-developers.com\/fr\/privacy-policy\/","og_site_name":"Blade Throwers","article_modified_time":"2025-05-03T18:32:21+00:00","twitter_card":"summary_large_image","twitter_misc":{"Dur\u00e9e de lecture estim\u00e9e":"2 minutes"},"schema":{"@context":"https:\/\/schema.org","@graph":[{"@type":"WebPage","@id":"https:\/\/bladethrowers.rts-developers.com\/privacy-policy\/","url":"https:\/\/bladethrowers.rts-developers.com\/privacy-policy\/","name":"Privacy policy - Blade Throwers","isPartOf":{"@id":"https:\/\/bladethrowers.rts-developers.com\/#website"},"datePublished":"2025-05-03T12:04:45+00:00","dateModified":"2025-05-03T18:32:21+00:00","breadcrumb":{"@id":"https:\/\/bladethrowers.rts-developers.com\/privacy-policy\/#breadcrumb"},"inLanguage":"fr-FR","potentialAction":[{"@type":"ReadAction","target":["https:\/\/bladethrowers.rts-developers.com\/privacy-policy\/"]}]},{"@type":"BreadcrumbList","@id":"https:\/\/bladethrowers.rts-developers.com\/privacy-policy\/#breadcrumb","itemListElement":[{"@type":"ListItem","position":1,"name":"\u0413\u043e\u043b\u043e\u0432\u043d\u0430","item":"https:\/\/bladethrowers.rts-developers.com\/"},{"@type":"ListItem","position":2,"name":"Privacy policy"}]},{"@type":"WebSite","@id":"https:\/\/bladethrowers.rts-developers.com\/#website","url":"https:\/\/bladethrowers.rts-developers.com\/","name":"Blade Throwers","description":"Throwing Knives and Axes Shop","publisher":{"@id":"https:\/\/bladethrowers.rts-developers.com\/#organization"},"potentialAction":[{"@type":"SearchAction","target":{"@type":"EntryPoint","urlTemplate":"https:\/\/bladethrowers.rts-developers.com\/?s={search_term_string}"},"query-input":{"@type":"PropertyValueSpecification","valueRequired":true,"valueName":"search_term_string"}}],"inLanguage":"fr-FR"},{"@type":"Organization","@id":"https:\/\/bladethrowers.rts-developers.com\/#organization","name":"Blade Throwers","url":"https:\/\/bladethrowers.rts-developers.com\/","logo":{"@type":"ImageObject","inLanguage":"fr-FR","@id":"https:\/\/bladethrowers.rts-developers.com\/#\/schema\/logo\/image\/","url":"https:\/\/bladethrowers.rts-developers.com\/wp-content\/uploads\/2025\/05\/photo_2025-05-02_15-29-47-1-1-Photoroom.png","contentUrl":"https:\/\/bladethrowers.rts-developers.com\/wp-content\/uploads\/2025\/05\/photo_2025-05-02_15-29-47-1-1-Photoroom.png","width":1280,"height":790,"caption":"Blade Throwers"},"image":{"@id":"https:\/\/bladethrowers.rts-developers.com\/#\/schema\/logo\/image\/"}}]}},"_links":{"self":[{"href":"https:\/\/bladethrowers.rts-developers.com\/fr\/wp-json\/wp\/v2\/pages\/123","targetHints":{"allow":["GET"]}}],"collection":[{"href":"https:\/\/bladethrowers.rts-developers.com\/fr\/wp-json\/wp\/v2\/pages"}],"about":[{"href":"https:\/\/bladethrowers.rts-developers.com\/fr\/wp-json\/wp\/v2\/types\/page"}],"author":[{"embeddable":true,"href":"https:\/\/bladethrowers.rts-developers.com\/fr\/wp-json\/wp\/v2\/users\/1"}],"replies":[{"embeddable":true,"href":"https:\/\/bladethrowers.rts-developers.com\/fr\/wp-json\/wp\/v2\/comments?post=123"}],"version-history":[{"count":6,"href":"https:\/\/bladethrowers.rts-developers.com\/fr\/wp-json\/wp\/v2\/pages\/123\/revisions"}],"predecessor-version":[{"id":188,"href":"https:\/\/bladethrowers.rts-developers.com\/fr\/wp-json\/wp\/v2\/pages\/123\/revisions\/188"}],"wp:attachment":[{"href":"https:\/\/bladethrowers.rts-developers.com\/fr\/wp-json\/wp\/v2\/media?parent=123"}],"curies":[{"name":"wp","href":"https:\/\/api.w.org\/{rel}","templated":true}]}}