{"id":544,"date":"2025-05-05T17:25:29","date_gmt":"2025-05-05T17:25:29","guid":{"rendered":"https:\/\/bladethrowers.rts-developers.com\/?post_type=product&#038;p=544"},"modified":"2025-05-19T07:10:15","modified_gmt":"2025-05-19T07:10:15","slug":"primus-set-throwing-knives-sport-sheath-9-8in-250mm-250g","status":"publish","type":"product","link":"https:\/\/bladethrowers.rts-developers.com\/fr\/product\/primus-set-throwing-knives-sport-sheath-9-8in-250mm-250g\/","title":{"rendered":"Ensemble de couteaux de lancer Primus avec \u00e9tui sport \u2013 Cuir noir, 250 mm, 250 g, acier \u00e0 ressort su\u00e9dois NozhTop"},"content":{"rendered":"<p>L'ensemble de couteaux de lancer NozhTop Primus est con\u00e7u pour une performance optimale, privil\u00e9giant l'\u00e9quilibre et le contr\u00f4le. D'une longueur de 250 mm et d'un poids de 250 g chacun, ces couteaux conviennent \u00e0 tous les styles de lancer, y compris les techniques traditionnelles avec et sans rotation. Ils sont livr\u00e9s avec un \u00e9tui sport en cuir noir pour un rangement s\u00fbr et pratique.<\/p>\n<p>D\u00e9velopp\u00e9 \u00e0 l'origine pour le lancer sans rotation, la g\u00e9om\u00e9trie et l'\u00e9quilibre du couteau Primus ont \u00e9t\u00e9 perfectionn\u00e9s au fil du temps, ce qui le rend id\u00e9al pour toute technique de lancer. La crosse plate distinctive et la partie inf\u00e9rieure du manche garantissent que le couteau n'aide pas le lanceur, vous obligeant \u00e0 contr\u00f4ler enti\u00e8rement le couteau pour un lancer plus pr\u00e9cis.<\/p>\n<h4>Caract\u00e9ristiques principales<\/h4>\n<ul>\n<li>\u00c9quilibre et g\u00e9om\u00e9trie parfaits pour tous les styles de lancer<\/li>\n<li>Crosse plate et poign\u00e9e inf\u00e9rieure pour un meilleur contr\u00f4le lors des lancers<\/li>\n<li>Fabriqu\u00e9 en acier \u00e0 ressort su\u00e9dois de haute qualit\u00e9 (45-47 HRC)<\/li>\n<li>Trait\u00e9 thermiquement pour plus de durabilit\u00e9 et de r\u00e9silience sous impact<\/li>\n<li>Livr\u00e9 avec un \u00e9tui de sport en cuir noir pour un transport en toute s\u00e9curit\u00e9<\/li>\n<\/ul>\n<h4>Sp\u00e9cifications techniques<\/h4>\n<table>\n<tbody>\n<tr>\n<td><strong>Weight<\/strong><\/td>\n<td>250 g \/ 8.82 oz<\/td>\n<\/tr>\n<tr>\n<td><strong>Longueur totale<\/strong><\/td>\n<td>9.8 in \/ 250 mm<\/td>\n<\/tr>\n<tr>\n<td><strong>\u00c9paisseur de la lame<\/strong><\/td>\n<td>0.24 in \/ 6 mm<\/td>\n<\/tr>\n<tr>\n<td><strong>Mat\u00e9riel<\/strong><\/td>\n<td>Acier \u00e0 ressort su\u00e9dois (trait\u00e9 thermiquement)<\/td>\n<\/tr>\n<tr>\n<td><strong>Duret\u00e9<\/strong><\/td>\n<td>45-47 HRC<\/td>\n<\/tr>\n<tr>\n<td><strong>Style de lancer<\/strong><\/td>\n<td>Spin, Non-spin, All styles<\/td>\n<\/tr>\n<\/tbody>\n<\/table>","protected":false},"excerpt":{"rendered":"<p>L'ensemble de couteaux de lancer \u00ab Primus \u00bb est fabriqu\u00e9 en acier \u00e0 ressort su\u00e9dois pour plus de durabilit\u00e9 et de performance. 9,8 pouces (250 mm), 250 g, id\u00e9al pour tous les styles de lancer avec un \u00e9tui de sport en cuir noir.<\/p>","protected":false},"featured_media":672,"comment_status":"open","ping_status":"closed","template":"","meta":{"inline_featured_image":false},"product_brand":[],"product_cat":[22],"product_tag":[74,168,167,76,75,70,73,169,68,69,66,171,170],"class_list":{"0":"post-544","1":"product","2":"type-product","3":"status-publish","4":"has-post-thumbnail","6":"product_cat-throwing-knife-sets","7":"product_tag-balanced-throwing-knives","8":"product_tag-black-leather-sheath","9":"product_tag-characternik-knives","10":"product_tag-durable-throwing-knives","11":"product_tag-heat-treated-knives","12":"product_tag-no-spin-knives","13":"product_tag-precision-throwing","14":"product_tag-sport-sheath","15":"product_tag-swedish-spring-steel","16":"product_tag-throwing-knife-set","17":"product_tag-throwing-knives","18":"product_tag-throwing-knives-for-beginners","19":"product_tag-throwing-techniques","20":"pa_length-20-25-cm","21":"pa_length-25-30-cm","22":"pa_skill-level-beginner","23":"pa_skill-level-middle","24":"pa_skill-level-pro","25":"pa_throwing-style-full-spin","26":"pa_throwing-style-half-spin","27":"pa_throwing-style-multi-style","29":"first","30":"instock","31":"sale","32":"shipping-taxable","33":"purchasable","34":"product-type-simple"},"acf":[],"yoast_head":"<!-- This site is optimized with the Yoast SEO plugin v27.4 - https:\/\/yoast.com\/product\/yoast-seo-wordpress\/ -->\n<title>Primus Set of Throwing Knives with Sport Sheath \u2013 Black Leather, 9.8in (250mm), 250g, Swedish Spring Steel NozhTop - Blade Throwers<\/title>\n<meta name=\"description\" content=\"&quot;Primus&quot; Set of Throwing Knives is crafted from Swedish spring steel. 9.8in (250mm), 250g, ideal for all throwing styles with a black leather sheath\" \/>\n<meta name=\"robots\" content=\"index, follow, max-snippet:-1, max-image-preview:large, max-video-preview:-1\" \/>\n<link rel=\"canonical\" href=\"https:\/\/bladethrowers.rts-developers.com\/fr\/product\/primus-set-throwing-knives-sport-sheath-9-8in-250mm-250g\/\" \/>\n<meta property=\"og:locale\" content=\"fr_FR\" \/>\n<meta property=\"og:type\" content=\"article\" \/>\n<meta property=\"og:title\" content=\"Primus Set of Throwing Knives with Sport Sheath \u2013 Black Leather, 9.8in (250mm), 250g, Swedish Spring Steel NozhTop - Blade Throwers\" \/>\n<meta property=\"og:description\" content=\"&quot;Primus&quot; Set of Throwing Knives is crafted from Swedish spring steel. 9.8in (250mm), 250g, ideal for all throwing styles with a black leather sheath\" \/>\n<meta property=\"og:url\" content=\"https:\/\/bladethrowers.rts-developers.com\/fr\/product\/primus-set-throwing-knives-sport-sheath-9-8in-250mm-250g\/\" \/>\n<meta property=\"og:site_name\" content=\"Blade Throwers\" \/>\n<meta property=\"article:modified_time\" content=\"2025-05-19T07:10:15+00:00\" \/>\n<meta property=\"og:image\" content=\"https:\/\/bladethrowers.rts-developers.com\/wp-content\/uploads\/2025\/05\/15003.png\" \/>\n\t<meta property=\"og:image:width\" content=\"375\" \/>\n\t<meta property=\"og:image:height\" content=\"375\" \/>\n\t<meta property=\"og:image:type\" content=\"image\/png\" \/>\n<meta name=\"twitter:card\" content=\"summary_large_image\" \/>\n<meta name=\"twitter:label1\" content=\"Dur\u00e9e de lecture estim\u00e9e\" \/>\n\t<meta name=\"twitter:data1\" content=\"2 minutes\" \/>\n<script type=\"application\/ld+json\" class=\"yoast-schema-graph\">{\"@context\":\"https:\\\/\\\/schema.org\",\"@graph\":[{\"@type\":\"WebPage\",\"@id\":\"https:\\\/\\\/bladethrowers.rts-developers.com\\\/product\\\/primus-set-throwing-knives-sport-sheath-9-8in-250mm-250g\\\/\",\"url\":\"https:\\\/\\\/bladethrowers.rts-developers.com\\\/product\\\/primus-set-throwing-knives-sport-sheath-9-8in-250mm-250g\\\/\",\"name\":\"Primus Set of Throwing Knives with Sport Sheath \u2013 Black Leather, 9.8in (250mm), 250g, Swedish Spring Steel NozhTop - Blade Throwers\",\"isPartOf\":{\"@id\":\"https:\\\/\\\/bladethrowers.rts-developers.com\\\/#website\"},\"primaryImageOfPage\":{\"@id\":\"https:\\\/\\\/bladethrowers.rts-developers.com\\\/product\\\/primus-set-throwing-knives-sport-sheath-9-8in-250mm-250g\\\/#primaryimage\"},\"image\":{\"@id\":\"https:\\\/\\\/bladethrowers.rts-developers.com\\\/product\\\/primus-set-throwing-knives-sport-sheath-9-8in-250mm-250g\\\/#primaryimage\"},\"thumbnailUrl\":\"https:\\\/\\\/bladethrowers.rts-developers.com\\\/wp-content\\\/uploads\\\/2025\\\/05\\\/15003.png\",\"datePublished\":\"2025-05-05T17:25:29+00:00\",\"dateModified\":\"2025-05-19T07:10:15+00:00\",\"description\":\"\\\"Primus\\\" Set of Throwing Knives is crafted from Swedish spring steel. 9.8in (250mm), 250g, ideal for all throwing styles with a black leather sheath\",\"breadcrumb\":{\"@id\":\"https:\\\/\\\/bladethrowers.rts-developers.com\\\/product\\\/primus-set-throwing-knives-sport-sheath-9-8in-250mm-250g\\\/#breadcrumb\"},\"inLanguage\":\"fr-FR\",\"potentialAction\":[{\"@type\":\"ReadAction\",\"target\":[\"https:\\\/\\\/bladethrowers.rts-developers.com\\\/product\\\/primus-set-throwing-knives-sport-sheath-9-8in-250mm-250g\\\/\"]}]},{\"@type\":\"ImageObject\",\"inLanguage\":\"fr-FR\",\"@id\":\"https:\\\/\\\/bladethrowers.rts-developers.com\\\/product\\\/primus-set-throwing-knives-sport-sheath-9-8in-250mm-250g\\\/#primaryimage\",\"url\":\"https:\\\/\\\/bladethrowers.rts-developers.com\\\/wp-content\\\/uploads\\\/2025\\\/05\\\/15003.png\",\"contentUrl\":\"https:\\\/\\\/bladethrowers.rts-developers.com\\\/wp-content\\\/uploads\\\/2025\\\/05\\\/15003.png\",\"width\":375,\"height\":375},{\"@type\":\"BreadcrumbList\",\"@id\":\"https:\\\/\\\/bladethrowers.rts-developers.com\\\/product\\\/primus-set-throwing-knives-sport-sheath-9-8in-250mm-250g\\\/#breadcrumb\",\"itemListElement\":[{\"@type\":\"ListItem\",\"position\":1,\"name\":\"\u0413\u043e\u043b\u043e\u0432\u043d\u0430\",\"item\":\"https:\\\/\\\/bladethrowers.rts-developers.com\\\/\"},{\"@type\":\"ListItem\",\"position\":2,\"name\":\"Shop\",\"item\":\"https:\\\/\\\/bladethrowers.rts-developers.com\\\/shop\\\/\"},{\"@type\":\"ListItem\",\"position\":3,\"name\":\"Primus Set of Throwing Knives with Sport Sheath \u2013 Black Leather, 9.8in (250mm), 250g, Swedish Spring Steel NozhTop\"}]},{\"@type\":\"WebSite\",\"@id\":\"https:\\\/\\\/bladethrowers.rts-developers.com\\\/#website\",\"url\":\"https:\\\/\\\/bladethrowers.rts-developers.com\\\/\",\"name\":\"Blade Throwers\",\"description\":\"Throwing Knives and Axes Shop\",\"publisher\":{\"@id\":\"https:\\\/\\\/bladethrowers.rts-developers.com\\\/#organization\"},\"potentialAction\":[{\"@type\":\"SearchAction\",\"target\":{\"@type\":\"EntryPoint\",\"urlTemplate\":\"https:\\\/\\\/bladethrowers.rts-developers.com\\\/?s={search_term_string}\"},\"query-input\":{\"@type\":\"PropertyValueSpecification\",\"valueRequired\":true,\"valueName\":\"search_term_string\"}}],\"inLanguage\":\"fr-FR\"},{\"@type\":\"Organization\",\"@id\":\"https:\\\/\\\/bladethrowers.rts-developers.com\\\/#organization\",\"name\":\"Blade Throwers\",\"url\":\"https:\\\/\\\/bladethrowers.rts-developers.com\\\/\",\"logo\":{\"@type\":\"ImageObject\",\"inLanguage\":\"fr-FR\",\"@id\":\"https:\\\/\\\/bladethrowers.rts-developers.com\\\/#\\\/schema\\\/logo\\\/image\\\/\",\"url\":\"https:\\\/\\\/bladethrowers.rts-developers.com\\\/wp-content\\\/uploads\\\/2025\\\/05\\\/photo_2025-05-02_15-29-47-1-1-Photoroom.png\",\"contentUrl\":\"https:\\\/\\\/bladethrowers.rts-developers.com\\\/wp-content\\\/uploads\\\/2025\\\/05\\\/photo_2025-05-02_15-29-47-1-1-Photoroom.png\",\"width\":1280,\"height\":790,\"caption\":\"Blade Throwers\"},\"image\":{\"@id\":\"https:\\\/\\\/bladethrowers.rts-developers.com\\\/#\\\/schema\\\/logo\\\/image\\\/\"}}]}<\/script>\n<!-- \/ Yoast SEO plugin. -->","yoast_head_json":{"title":"Primus Set of Throwing Knives with Sport Sheath \u2013 Black Leather, 9.8in (250mm), 250g, Swedish Spring Steel NozhTop - Blade Throwers","description":"\"Primus\" Set of Throwing Knives is crafted from Swedish spring steel. 9.8in (250mm), 250g, ideal for all throwing styles with a black leather sheath","robots":{"index":"index","follow":"follow","max-snippet":"max-snippet:-1","max-image-preview":"max-image-preview:large","max-video-preview":"max-video-preview:-1"},"canonical":"https:\/\/bladethrowers.rts-developers.com\/fr\/product\/primus-set-throwing-knives-sport-sheath-9-8in-250mm-250g\/","og_locale":"fr_FR","og_type":"article","og_title":"Primus Set of Throwing Knives with Sport Sheath \u2013 Black Leather, 9.8in (250mm), 250g, Swedish Spring Steel NozhTop - Blade Throwers","og_description":"\"Primus\" Set of Throwing Knives is crafted from Swedish spring steel. 9.8in (250mm), 250g, ideal for all throwing styles with a black leather sheath","og_url":"https:\/\/bladethrowers.rts-developers.com\/fr\/product\/primus-set-throwing-knives-sport-sheath-9-8in-250mm-250g\/","og_site_name":"Blade Throwers","article_modified_time":"2025-05-19T07:10:15+00:00","og_image":[{"width":375,"height":375,"url":"https:\/\/bladethrowers.rts-developers.com\/wp-content\/uploads\/2025\/05\/15003.png","type":"image\/png"}],"twitter_card":"summary_large_image","twitter_misc":{"Dur\u00e9e de lecture estim\u00e9e":"2 minutes"},"schema":{"@context":"https:\/\/schema.org","@graph":[{"@type":"WebPage","@id":"https:\/\/bladethrowers.rts-developers.com\/product\/primus-set-throwing-knives-sport-sheath-9-8in-250mm-250g\/","url":"https:\/\/bladethrowers.rts-developers.com\/product\/primus-set-throwing-knives-sport-sheath-9-8in-250mm-250g\/","name":"Primus Set of Throwing Knives with Sport Sheath \u2013 Black Leather, 9.8in (250mm), 250g, Swedish Spring Steel NozhTop - Blade Throwers","isPartOf":{"@id":"https:\/\/bladethrowers.rts-developers.com\/#website"},"primaryImageOfPage":{"@id":"https:\/\/bladethrowers.rts-developers.com\/product\/primus-set-throwing-knives-sport-sheath-9-8in-250mm-250g\/#primaryimage"},"image":{"@id":"https:\/\/bladethrowers.rts-developers.com\/product\/primus-set-throwing-knives-sport-sheath-9-8in-250mm-250g\/#primaryimage"},"thumbnailUrl":"https:\/\/bladethrowers.rts-developers.com\/wp-content\/uploads\/2025\/05\/15003.png","datePublished":"2025-05-05T17:25:29+00:00","dateModified":"2025-05-19T07:10:15+00:00","description":"\"Primus\" Set of Throwing Knives is crafted from Swedish spring steel. 9.8in (250mm), 250g, ideal for all throwing styles with a black leather sheath","breadcrumb":{"@id":"https:\/\/bladethrowers.rts-developers.com\/product\/primus-set-throwing-knives-sport-sheath-9-8in-250mm-250g\/#breadcrumb"},"inLanguage":"fr-FR","potentialAction":[{"@type":"ReadAction","target":["https:\/\/bladethrowers.rts-developers.com\/product\/primus-set-throwing-knives-sport-sheath-9-8in-250mm-250g\/"]}]},{"@type":"ImageObject","inLanguage":"fr-FR","@id":"https:\/\/bladethrowers.rts-developers.com\/product\/primus-set-throwing-knives-sport-sheath-9-8in-250mm-250g\/#primaryimage","url":"https:\/\/bladethrowers.rts-developers.com\/wp-content\/uploads\/2025\/05\/15003.png","contentUrl":"https:\/\/bladethrowers.rts-developers.com\/wp-content\/uploads\/2025\/05\/15003.png","width":375,"height":375},{"@type":"BreadcrumbList","@id":"https:\/\/bladethrowers.rts-developers.com\/product\/primus-set-throwing-knives-sport-sheath-9-8in-250mm-250g\/#breadcrumb","itemListElement":[{"@type":"ListItem","position":1,"name":"\u0413\u043e\u043b\u043e\u0432\u043d\u0430","item":"https:\/\/bladethrowers.rts-developers.com\/"},{"@type":"ListItem","position":2,"name":"Shop","item":"https:\/\/bladethrowers.rts-developers.com\/shop\/"},{"@type":"ListItem","position":3,"name":"Primus Set of Throwing Knives with Sport Sheath \u2013 Black Leather, 9.8in (250mm), 250g, Swedish Spring Steel NozhTop"}]},{"@type":"WebSite","@id":"https:\/\/bladethrowers.rts-developers.com\/#website","url":"https:\/\/bladethrowers.rts-developers.com\/","name":"Blade Throwers","description":"Throwing Knives and Axes Shop","publisher":{"@id":"https:\/\/bladethrowers.rts-developers.com\/#organization"},"potentialAction":[{"@type":"SearchAction","target":{"@type":"EntryPoint","urlTemplate":"https:\/\/bladethrowers.rts-developers.com\/?s={search_term_string}"},"query-input":{"@type":"PropertyValueSpecification","valueRequired":true,"valueName":"search_term_string"}}],"inLanguage":"fr-FR"},{"@type":"Organization","@id":"https:\/\/bladethrowers.rts-developers.com\/#organization","name":"Blade Throwers","url":"https:\/\/bladethrowers.rts-developers.com\/","logo":{"@type":"ImageObject","inLanguage":"fr-FR","@id":"https:\/\/bladethrowers.rts-developers.com\/#\/schema\/logo\/image\/","url":"https:\/\/bladethrowers.rts-developers.com\/wp-content\/uploads\/2025\/05\/photo_2025-05-02_15-29-47-1-1-Photoroom.png","contentUrl":"https:\/\/bladethrowers.rts-developers.com\/wp-content\/uploads\/2025\/05\/photo_2025-05-02_15-29-47-1-1-Photoroom.png","width":1280,"height":790,"caption":"Blade Throwers"},"image":{"@id":"https:\/\/bladethrowers.rts-developers.com\/#\/schema\/logo\/image\/"}}]}},"_links":{"self":[{"href":"https:\/\/bladethrowers.rts-developers.com\/fr\/wp-json\/wp\/v2\/product\/544","targetHints":{"allow":["GET"]}}],"collection":[{"href":"https:\/\/bladethrowers.rts-developers.com\/fr\/wp-json\/wp\/v2\/product"}],"about":[{"href":"https:\/\/bladethrowers.rts-developers.com\/fr\/wp-json\/wp\/v2\/types\/product"}],"replies":[{"embeddable":true,"href":"https:\/\/bladethrowers.rts-developers.com\/fr\/wp-json\/wp\/v2\/comments?post=544"}],"wp:featuredmedia":[{"embeddable":true,"href":"https:\/\/bladethrowers.rts-developers.com\/fr\/wp-json\/wp\/v2\/media\/672"}],"wp:attachment":[{"href":"https:\/\/bladethrowers.rts-developers.com\/fr\/wp-json\/wp\/v2\/media?parent=544"}],"wp:term":[{"taxonomy":"product_brand","embeddable":true,"href":"https:\/\/bladethrowers.rts-developers.com\/fr\/wp-json\/wp\/v2\/product_brand?post=544"},{"taxonomy":"product_cat","embeddable":true,"href":"https:\/\/bladethrowers.rts-developers.com\/fr\/wp-json\/wp\/v2\/product_cat?post=544"},{"taxonomy":"product_tag","embeddable":true,"href":"https:\/\/bladethrowers.rts-developers.com\/fr\/wp-json\/wp\/v2\/product_tag?post=544"}],"curies":[{"name":"wp","href":"https:\/\/api.w.org\/{rel}","templated":true}]}}