{"id":947,"date":"2025-05-12T15:09:46","date_gmt":"2025-05-12T15:09:46","guid":{"rendered":"https:\/\/bladethrowers.rts-developers.com\/?post_type=product&#038;p=947"},"modified":"2025-05-19T05:33:46","modified_gmt":"2025-05-19T05:33:46","slug":"wedge-no-spin-throwing-knife-280mm-290g","status":"publish","type":"product","link":"https:\/\/bladethrowers.rts-developers.com\/fr\/product\/wedge-no-spin-throwing-knife-280mm-290g\/","title":{"rendered":"Couteau de lancer Wedge No-Spin - 280mm (11in), 290g, 8mm d'\u00e9paisseur, acier carbone, Stonewash by NozhTop"},"content":{"rendered":"<p>Wedge No-Spin Throwing Knife by NozhTop - un outil propre, sym\u00e9trique et puissamment simple pour le lancer instinctif sans vrille.<\/p>\n<p>Con\u00e7u et fabriqu\u00e9 \u00e0 la main en Ukraine, le couteau Wedge allie ing\u00e9nierie de pr\u00e9cision et minimalisme. Son profil sym\u00e9trique permet aux lanceurs d'utiliser indiff\u00e9remment l'un ou l'autre c\u00f4t\u00e9, offrant un vol fluide et sans rotation \u00e0 chaque lancer.<\/p>\n<p>Avec un poids de 290 g et une longueur de 280 mm, ce couteau offre un excellent rapport masse\/longueur pour un ancrage profond et un ciblage coh\u00e9rent. Son corps de 8 mm d'\u00e9paisseur offre une bonne prise en main et absorbe les chocs, ce qui le rend parfait pour les d\u00e9butants et les lanceurs avanc\u00e9s utilisant les techniques SKANF ou instinctives.<\/p>\n<p>La finition lav\u00e9e \u00e0 la pierre ajoute \u00e0 la durabilit\u00e9 et am\u00e9liore la prise en main lors du l\u00e2cher, tandis que le design simple le rend facile \u00e0 utiliser et difficile \u00e0 ignorer.<\/p>\n<p>Toujours en stock. Exp\u00e9dition dans les 48 heures suivant le paiement.<\/p>\n<h4>Caract\u00e9ristiques principales<\/h4>\n<ul>\n<li>Id\u00e9al pour les lancers sans vrille, instinctifs et SKANF<\/li>\n<li>Forme sym\u00e9trique pour une utilisation r\u00e9versible et coh\u00e9rente<\/li>\n<li>Heavy and thick for high sticking power<\/li>\n<li>Un design simple pour des performances exceptionnelles<\/li>\n<li>La finition lapidaire r\u00e9siste \u00e0 la rouille et am\u00e9liore la prise en main.<\/li>\n<\/ul>\n<h4>Sp\u00e9cifications techniques<\/h4>\n<table>\n<tbody>\n<tr>\n<td><strong>Weight<\/strong><\/td>\n<td>290 g \/ 10.2 oz<\/td>\n<\/tr>\n<tr>\n<td><strong>Longueur totale<\/strong><\/td>\n<td>11 in \/ 280 mm<\/td>\n<\/tr>\n<tr>\n<td><strong>\u00c9paisseur de la lame<\/strong><\/td>\n<td>0.31 in \/ 8 mm<\/td>\n<\/tr>\n<tr>\n<td><strong>Mat\u00e9riel<\/strong><\/td>\n<td>Acier au carbone \u00e0 ressort fabriqu\u00e9 \u00e0 la main<\/td>\n<\/tr>\n<tr>\n<td><strong>Style de lancer<\/strong><\/td>\n<td>No-spin, SKANF, instinctif<\/td>\n<\/tr>\n<tr>\n<td><strong>Finition<\/strong><\/td>\n<td>Lav\u00e9 \u00e0 la pierre<\/td>\n<\/tr>\n<tr>\n<td><strong>Fourreau<\/strong><\/td>\n<td>Non inclus (vendu s\u00e9par\u00e9ment)<\/td>\n<\/tr>\n<\/tbody>\n<\/table>","protected":false},"excerpt":{"rendered":"<p>Couteau Wedge no-spin de NozhTop - 290g, 280mm, 8mm d'\u00e9paisseur. Fabriqu\u00e9 \u00e0 la main en Ukraine \u00e0 partir d'acier au carbone. Design simple et sym\u00e9trique pour le SKANF et le lancer instinctif. Exp\u00e9dition en 48h.<\/p>","protected":false},"featured_media":948,"comment_status":"open","ping_status":"closed","template":"","meta":{"inline_featured_image":false},"product_brand":[],"product_cat":[21,20],"product_tag":[497,449,216,499,368,119,481,101,162,92,480,498,496],"class_list":{"0":"post-947","1":"product","2":"type-product","3":"status-publish","4":"has-post-thumbnail","6":"product_cat-kunai-throwing-knives","7":"product_cat-throwing-knives","8":"product_tag-280mm-blade","9":"product_tag-290g-knife","10":"product_tag-carbon-steel-knife","11":"product_tag-durable-throwing-knife","12":"product_tag-handmade-blade","13":"product_tag-heavy-throwing-knife","14":"product_tag-instinctive-thrower","15":"product_tag-no-spin-throwing","16":"product_tag-nozhtop-knife","17":"product_tag-skanf-knife","18":"product_tag-symmetrical-knife","19":"product_tag-throwing-knife-ukraine","20":"product_tag-wedge-knife","21":"pa_length-25-30-cm","22":"pa_skill-level-beginner","23":"pa_throwing-style-half-spin","24":"pa_throwing-style-no-spin","26":"first","27":"instock","28":"sale","29":"shipping-taxable","30":"purchasable","31":"product-type-simple"},"acf":[],"yoast_head":"<!-- This site is optimized with the Yoast SEO plugin v27.4 - https:\/\/yoast.com\/product\/yoast-seo-wordpress\/ -->\n<title>Wedge No-Spin Throwing Knife \u2013 280mm (11in), 290g, 8mm Thick, Carbon Steel, Stonewash by NozhTop - Blade Throwers<\/title>\n<meta name=\"description\" content=\"Wedge no-spin knife \u2013 290g, 280mm, 8mm thick. Handmade in Ukraine from carbon steel. Symmetrical and simple design for SKANF and instinctive throwing.\" \/>\n<meta name=\"robots\" content=\"index, follow, max-snippet:-1, max-image-preview:large, max-video-preview:-1\" \/>\n<link rel=\"canonical\" href=\"https:\/\/bladethrowers.rts-developers.com\/fr\/product\/wedge-no-spin-throwing-knife-280mm-290g\/\" \/>\n<meta property=\"og:locale\" content=\"fr_FR\" \/>\n<meta property=\"og:type\" content=\"article\" \/>\n<meta property=\"og:title\" content=\"Wedge No-Spin Throwing Knife \u2013 280mm (11in), 290g, 8mm Thick, Carbon Steel, Stonewash by NozhTop - Blade Throwers\" \/>\n<meta property=\"og:description\" content=\"Wedge no-spin knife \u2013 290g, 280mm, 8mm thick. Handmade in Ukraine from carbon steel. Symmetrical and simple design for SKANF and instinctive throwing.\" \/>\n<meta property=\"og:url\" content=\"https:\/\/bladethrowers.rts-developers.com\/fr\/product\/wedge-no-spin-throwing-knife-280mm-290g\/\" \/>\n<meta property=\"og:site_name\" content=\"Blade Throwers\" \/>\n<meta property=\"article:modified_time\" content=\"2025-05-19T05:33:46+00:00\" \/>\n<meta property=\"og:image\" content=\"https:\/\/bladethrowers.rts-developers.com\/wp-content\/uploads\/2025\/05\/IMG_20240323_113344.jpg\" \/>\n\t<meta property=\"og:image:width\" content=\"1994\" \/>\n\t<meta property=\"og:image:height\" content=\"1994\" \/>\n\t<meta property=\"og:image:type\" content=\"image\/jpeg\" \/>\n<meta name=\"twitter:card\" content=\"summary_large_image\" \/>\n<meta name=\"twitter:label1\" content=\"Dur\u00e9e de lecture estim\u00e9e\" \/>\n\t<meta name=\"twitter:data1\" content=\"2 minutes\" \/>\n<script type=\"application\/ld+json\" class=\"yoast-schema-graph\">{\"@context\":\"https:\\\/\\\/schema.org\",\"@graph\":[{\"@type\":\"WebPage\",\"@id\":\"https:\\\/\\\/bladethrowers.rts-developers.com\\\/product\\\/wedge-no-spin-throwing-knife-280mm-290g\\\/\",\"url\":\"https:\\\/\\\/bladethrowers.rts-developers.com\\\/product\\\/wedge-no-spin-throwing-knife-280mm-290g\\\/\",\"name\":\"Wedge No-Spin Throwing Knife \u2013 280mm (11in), 290g, 8mm Thick, Carbon Steel, Stonewash by NozhTop - Blade Throwers\",\"isPartOf\":{\"@id\":\"https:\\\/\\\/bladethrowers.rts-developers.com\\\/#website\"},\"primaryImageOfPage\":{\"@id\":\"https:\\\/\\\/bladethrowers.rts-developers.com\\\/product\\\/wedge-no-spin-throwing-knife-280mm-290g\\\/#primaryimage\"},\"image\":{\"@id\":\"https:\\\/\\\/bladethrowers.rts-developers.com\\\/product\\\/wedge-no-spin-throwing-knife-280mm-290g\\\/#primaryimage\"},\"thumbnailUrl\":\"https:\\\/\\\/bladethrowers.rts-developers.com\\\/wp-content\\\/uploads\\\/2025\\\/05\\\/IMG_20240323_113344.jpg\",\"datePublished\":\"2025-05-12T15:09:46+00:00\",\"dateModified\":\"2025-05-19T05:33:46+00:00\",\"description\":\"Wedge no-spin knife \u2013 290g, 280mm, 8mm thick. Handmade in Ukraine from carbon steel. Symmetrical and simple design for SKANF and instinctive throwing.\",\"breadcrumb\":{\"@id\":\"https:\\\/\\\/bladethrowers.rts-developers.com\\\/product\\\/wedge-no-spin-throwing-knife-280mm-290g\\\/#breadcrumb\"},\"inLanguage\":\"fr-FR\",\"potentialAction\":[{\"@type\":\"ReadAction\",\"target\":[\"https:\\\/\\\/bladethrowers.rts-developers.com\\\/product\\\/wedge-no-spin-throwing-knife-280mm-290g\\\/\"]}]},{\"@type\":\"ImageObject\",\"inLanguage\":\"fr-FR\",\"@id\":\"https:\\\/\\\/bladethrowers.rts-developers.com\\\/product\\\/wedge-no-spin-throwing-knife-280mm-290g\\\/#primaryimage\",\"url\":\"https:\\\/\\\/bladethrowers.rts-developers.com\\\/wp-content\\\/uploads\\\/2025\\\/05\\\/IMG_20240323_113344.jpg\",\"contentUrl\":\"https:\\\/\\\/bladethrowers.rts-developers.com\\\/wp-content\\\/uploads\\\/2025\\\/05\\\/IMG_20240323_113344.jpg\",\"width\":1994,\"height\":1994},{\"@type\":\"BreadcrumbList\",\"@id\":\"https:\\\/\\\/bladethrowers.rts-developers.com\\\/product\\\/wedge-no-spin-throwing-knife-280mm-290g\\\/#breadcrumb\",\"itemListElement\":[{\"@type\":\"ListItem\",\"position\":1,\"name\":\"\u0413\u043e\u043b\u043e\u0432\u043d\u0430\",\"item\":\"https:\\\/\\\/bladethrowers.rts-developers.com\\\/\"},{\"@type\":\"ListItem\",\"position\":2,\"name\":\"Shop\",\"item\":\"https:\\\/\\\/bladethrowers.rts-developers.com\\\/shop\\\/\"},{\"@type\":\"ListItem\",\"position\":3,\"name\":\"Wedge No-Spin Throwing Knife \u2013 280mm (11in), 290g, 8mm Thick, Carbon Steel, Stonewash by NozhTop\"}]},{\"@type\":\"WebSite\",\"@id\":\"https:\\\/\\\/bladethrowers.rts-developers.com\\\/#website\",\"url\":\"https:\\\/\\\/bladethrowers.rts-developers.com\\\/\",\"name\":\"Blade Throwers\",\"description\":\"Throwing Knives and Axes Shop\",\"publisher\":{\"@id\":\"https:\\\/\\\/bladethrowers.rts-developers.com\\\/#organization\"},\"potentialAction\":[{\"@type\":\"SearchAction\",\"target\":{\"@type\":\"EntryPoint\",\"urlTemplate\":\"https:\\\/\\\/bladethrowers.rts-developers.com\\\/?s={search_term_string}\"},\"query-input\":{\"@type\":\"PropertyValueSpecification\",\"valueRequired\":true,\"valueName\":\"search_term_string\"}}],\"inLanguage\":\"fr-FR\"},{\"@type\":\"Organization\",\"@id\":\"https:\\\/\\\/bladethrowers.rts-developers.com\\\/#organization\",\"name\":\"Blade Throwers\",\"url\":\"https:\\\/\\\/bladethrowers.rts-developers.com\\\/\",\"logo\":{\"@type\":\"ImageObject\",\"inLanguage\":\"fr-FR\",\"@id\":\"https:\\\/\\\/bladethrowers.rts-developers.com\\\/#\\\/schema\\\/logo\\\/image\\\/\",\"url\":\"https:\\\/\\\/bladethrowers.rts-developers.com\\\/wp-content\\\/uploads\\\/2025\\\/05\\\/photo_2025-05-02_15-29-47-1-1-Photoroom.png\",\"contentUrl\":\"https:\\\/\\\/bladethrowers.rts-developers.com\\\/wp-content\\\/uploads\\\/2025\\\/05\\\/photo_2025-05-02_15-29-47-1-1-Photoroom.png\",\"width\":1280,\"height\":790,\"caption\":\"Blade Throwers\"},\"image\":{\"@id\":\"https:\\\/\\\/bladethrowers.rts-developers.com\\\/#\\\/schema\\\/logo\\\/image\\\/\"}}]}<\/script>\n<!-- \/ Yoast SEO plugin. -->","yoast_head_json":{"title":"Wedge No-Spin Throwing Knife \u2013 280mm (11in), 290g, 8mm Thick, Carbon Steel, Stonewash by NozhTop - Blade Throwers","description":"Wedge no-spin knife \u2013 290g, 280mm, 8mm thick. Handmade in Ukraine from carbon steel. Symmetrical and simple design for SKANF and instinctive throwing.","robots":{"index":"index","follow":"follow","max-snippet":"max-snippet:-1","max-image-preview":"max-image-preview:large","max-video-preview":"max-video-preview:-1"},"canonical":"https:\/\/bladethrowers.rts-developers.com\/fr\/product\/wedge-no-spin-throwing-knife-280mm-290g\/","og_locale":"fr_FR","og_type":"article","og_title":"Wedge No-Spin Throwing Knife \u2013 280mm (11in), 290g, 8mm Thick, Carbon Steel, Stonewash by NozhTop - Blade Throwers","og_description":"Wedge no-spin knife \u2013 290g, 280mm, 8mm thick. Handmade in Ukraine from carbon steel. Symmetrical and simple design for SKANF and instinctive throwing.","og_url":"https:\/\/bladethrowers.rts-developers.com\/fr\/product\/wedge-no-spin-throwing-knife-280mm-290g\/","og_site_name":"Blade Throwers","article_modified_time":"2025-05-19T05:33:46+00:00","og_image":[{"width":1994,"height":1994,"url":"https:\/\/bladethrowers.rts-developers.com\/wp-content\/uploads\/2025\/05\/IMG_20240323_113344.jpg","type":"image\/jpeg"}],"twitter_card":"summary_large_image","twitter_misc":{"Dur\u00e9e de lecture estim\u00e9e":"2 minutes"},"schema":{"@context":"https:\/\/schema.org","@graph":[{"@type":"WebPage","@id":"https:\/\/bladethrowers.rts-developers.com\/product\/wedge-no-spin-throwing-knife-280mm-290g\/","url":"https:\/\/bladethrowers.rts-developers.com\/product\/wedge-no-spin-throwing-knife-280mm-290g\/","name":"Wedge No-Spin Throwing Knife \u2013 280mm (11in), 290g, 8mm Thick, Carbon Steel, Stonewash by NozhTop - Blade Throwers","isPartOf":{"@id":"https:\/\/bladethrowers.rts-developers.com\/#website"},"primaryImageOfPage":{"@id":"https:\/\/bladethrowers.rts-developers.com\/product\/wedge-no-spin-throwing-knife-280mm-290g\/#primaryimage"},"image":{"@id":"https:\/\/bladethrowers.rts-developers.com\/product\/wedge-no-spin-throwing-knife-280mm-290g\/#primaryimage"},"thumbnailUrl":"https:\/\/bladethrowers.rts-developers.com\/wp-content\/uploads\/2025\/05\/IMG_20240323_113344.jpg","datePublished":"2025-05-12T15:09:46+00:00","dateModified":"2025-05-19T05:33:46+00:00","description":"Wedge no-spin knife \u2013 290g, 280mm, 8mm thick. Handmade in Ukraine from carbon steel. Symmetrical and simple design for SKANF and instinctive throwing.","breadcrumb":{"@id":"https:\/\/bladethrowers.rts-developers.com\/product\/wedge-no-spin-throwing-knife-280mm-290g\/#breadcrumb"},"inLanguage":"fr-FR","potentialAction":[{"@type":"ReadAction","target":["https:\/\/bladethrowers.rts-developers.com\/product\/wedge-no-spin-throwing-knife-280mm-290g\/"]}]},{"@type":"ImageObject","inLanguage":"fr-FR","@id":"https:\/\/bladethrowers.rts-developers.com\/product\/wedge-no-spin-throwing-knife-280mm-290g\/#primaryimage","url":"https:\/\/bladethrowers.rts-developers.com\/wp-content\/uploads\/2025\/05\/IMG_20240323_113344.jpg","contentUrl":"https:\/\/bladethrowers.rts-developers.com\/wp-content\/uploads\/2025\/05\/IMG_20240323_113344.jpg","width":1994,"height":1994},{"@type":"BreadcrumbList","@id":"https:\/\/bladethrowers.rts-developers.com\/product\/wedge-no-spin-throwing-knife-280mm-290g\/#breadcrumb","itemListElement":[{"@type":"ListItem","position":1,"name":"\u0413\u043e\u043b\u043e\u0432\u043d\u0430","item":"https:\/\/bladethrowers.rts-developers.com\/"},{"@type":"ListItem","position":2,"name":"Shop","item":"https:\/\/bladethrowers.rts-developers.com\/shop\/"},{"@type":"ListItem","position":3,"name":"Wedge No-Spin Throwing Knife \u2013 280mm (11in), 290g, 8mm Thick, Carbon Steel, Stonewash by NozhTop"}]},{"@type":"WebSite","@id":"https:\/\/bladethrowers.rts-developers.com\/#website","url":"https:\/\/bladethrowers.rts-developers.com\/","name":"Blade Throwers","description":"Throwing Knives and Axes Shop","publisher":{"@id":"https:\/\/bladethrowers.rts-developers.com\/#organization"},"potentialAction":[{"@type":"SearchAction","target":{"@type":"EntryPoint","urlTemplate":"https:\/\/bladethrowers.rts-developers.com\/?s={search_term_string}"},"query-input":{"@type":"PropertyValueSpecification","valueRequired":true,"valueName":"search_term_string"}}],"inLanguage":"fr-FR"},{"@type":"Organization","@id":"https:\/\/bladethrowers.rts-developers.com\/#organization","name":"Blade Throwers","url":"https:\/\/bladethrowers.rts-developers.com\/","logo":{"@type":"ImageObject","inLanguage":"fr-FR","@id":"https:\/\/bladethrowers.rts-developers.com\/#\/schema\/logo\/image\/","url":"https:\/\/bladethrowers.rts-developers.com\/wp-content\/uploads\/2025\/05\/photo_2025-05-02_15-29-47-1-1-Photoroom.png","contentUrl":"https:\/\/bladethrowers.rts-developers.com\/wp-content\/uploads\/2025\/05\/photo_2025-05-02_15-29-47-1-1-Photoroom.png","width":1280,"height":790,"caption":"Blade Throwers"},"image":{"@id":"https:\/\/bladethrowers.rts-developers.com\/#\/schema\/logo\/image\/"}}]}},"_links":{"self":[{"href":"https:\/\/bladethrowers.rts-developers.com\/fr\/wp-json\/wp\/v2\/product\/947","targetHints":{"allow":["GET"]}}],"collection":[{"href":"https:\/\/bladethrowers.rts-developers.com\/fr\/wp-json\/wp\/v2\/product"}],"about":[{"href":"https:\/\/bladethrowers.rts-developers.com\/fr\/wp-json\/wp\/v2\/types\/product"}],"replies":[{"embeddable":true,"href":"https:\/\/bladethrowers.rts-developers.com\/fr\/wp-json\/wp\/v2\/comments?post=947"}],"wp:featuredmedia":[{"embeddable":true,"href":"https:\/\/bladethrowers.rts-developers.com\/fr\/wp-json\/wp\/v2\/media\/948"}],"wp:attachment":[{"href":"https:\/\/bladethrowers.rts-developers.com\/fr\/wp-json\/wp\/v2\/media?parent=947"}],"wp:term":[{"taxonomy":"product_brand","embeddable":true,"href":"https:\/\/bladethrowers.rts-developers.com\/fr\/wp-json\/wp\/v2\/product_brand?post=947"},{"taxonomy":"product_cat","embeddable":true,"href":"https:\/\/bladethrowers.rts-developers.com\/fr\/wp-json\/wp\/v2\/product_cat?post=947"},{"taxonomy":"product_tag","embeddable":true,"href":"https:\/\/bladethrowers.rts-developers.com\/fr\/wp-json\/wp\/v2\/product_tag?post=947"}],"curies":[{"name":"wp","href":"https:\/\/api.w.org\/{rel}","templated":true}]}}